{"id":1140,"date":"2023-04-26T14:48:15","date_gmt":"2023-04-26T12:48:15","guid":{"rendered":"http:\/\/www.baeckerei-gantner.ch\/cms\/?page_id=1140"},"modified":"2023-12-19T14:49:05","modified_gmt":"2023-12-19T13:49:05","slug":"kontakt-2","status":"publish","type":"page","link":"https:\/\/www.baeckerei-gantner.ch\/cms\/kontakt-2\/","title":{"rendered":"Kontakt"},"content":{"rendered":"\t\t<div data-elementor-type=\"wp-page\" data-elementor-id=\"1140\" class=\"elementor elementor-1140\">\n\t\t\t\t\t\t<section class=\"elementor-section elementor-top-section elementor-element elementor-element-4014559 elementor-section-boxed elementor-section-height-default elementor-section-height-default\" data-id=\"4014559\" data-element_type=\"section\">\n\t\t\t\t\t\t<div class=\"elementor-container elementor-column-gap-default\">\n\t\t\t\t\t<div class=\"elementor-column elementor-col-100 elementor-top-column elementor-element elementor-element-1804faa\" data-id=\"1804faa\" data-element_type=\"column\">\n\t\t\t<div class=\"elementor-widget-wrap elementor-element-populated\">\n\t\t\t\t\t\t<div class=\"elementor-element elementor-element-943e04c elementor-widget elementor-widget-heading\" data-id=\"943e04c\" data-element_type=\"widget\" data-widget_type=\"heading.default\">\n\t\t\t\t<div class=\"elementor-widget-container\">\n\t\t\t\t\t<h2 class=\"elementor-heading-title elementor-size-default\">Kontakt<\/h2>\t\t\t\t<\/div>\n\t\t\t\t<\/div>\n\t\t\t\t\t<\/div>\n\t\t<\/div>\n\t\t\t\t\t<\/div>\n\t\t<\/section>\n\t\t\t\t<section class=\"elementor-section elementor-top-section elementor-element elementor-element-f7e253b elementor-section-boxed elementor-section-height-default elementor-section-height-default\" data-id=\"f7e253b\" data-element_type=\"section\">\n\t\t\t\t\t\t<div class=\"elementor-container elementor-column-gap-default\">\n\t\t\t\t\t<div class=\"elementor-column elementor-col-100 elementor-top-column elementor-element elementor-element-a43aa0f\" data-id=\"a43aa0f\" data-element_type=\"column\">\n\t\t\t<div class=\"elementor-widget-wrap elementor-element-populated\">\n\t\t\t\t\t\t<div class=\"elementor-element elementor-element-51772d1 elementor-widget-divider--view-line elementor-widget elementor-widget-divider\" data-id=\"51772d1\" data-element_type=\"widget\" data-widget_type=\"divider.default\">\n\t\t\t\t<div class=\"elementor-widget-container\">\n\t\t\t\t\t\t\t<div class=\"elementor-divider\">\n\t\t\t<span class=\"elementor-divider-separator\">\n\t\t\t\t\t\t<\/span>\n\t\t<\/div>\n\t\t\t\t\t\t<\/div>\n\t\t\t\t<\/div>\n\t\t\t\t<div class=\"elementor-element elementor-element-4356219 elementor-widget elementor-widget-text-editor\" data-id=\"4356219\" data-element_type=\"widget\" data-widget_type=\"text-editor.default\">\n\t\t\t\t<div class=\"elementor-widget-container\">\n\t\t\t\t\t\t\t\t\t<p>Die B\u00e4ckerei Gantner nimmt Ihre mass angefertigten Auftr\u00e4ge entgegen, auch bei sonstigen Fragen stehen wir zur Ihrer Verf\u00fcgung. Z\u00f6gern Sie nicht uns anzurufen oder das untenstehende Kontaktformular zu benutzen.<\/p>\t\t\t\t\t\t\t\t<\/div>\n\t\t\t\t<\/div>\n\t\t\t\t<div class=\"elementor-element elementor-element-0a258a9 elementor-widget elementor-widget-text-editor\" data-id=\"0a258a9\" data-element_type=\"widget\" data-widget_type=\"text-editor.default\">\n\t\t\t\t<div class=\"elementor-widget-container\">\n\t\t\t\t\t\t\t\t\t\n<div class=\"wpcf7 no-js\" id=\"wpcf7-f17-o1\" lang=\"de-CH\" dir=\"ltr\" data-wpcf7-id=\"17\">\n<div class=\"screen-reader-response\"><p role=\"status\" aria-live=\"polite\" aria-atomic=\"true\"><\/p> <ul><\/ul><\/div>\n<form action=\"\/cms\/wp-json\/wp\/v2\/pages\/1140#wpcf7-f17-o1\" method=\"post\" class=\"wpcf7-form init\" aria-label=\"Contact form\" novalidate=\"novalidate\" data-status=\"init\">\n<div style=\"display: none;\">\n<input type=\"hidden\" name=\"_wpcf7\" value=\"17\" \/>\n<input type=\"hidden\" name=\"_wpcf7_version\" value=\"6.0.2\" \/>\n<input type=\"hidden\" name=\"_wpcf7_locale\" value=\"de_CH\" \/>\n<input type=\"hidden\" name=\"_wpcf7_unit_tag\" value=\"wpcf7-f17-o1\" \/>\n<input type=\"hidden\" name=\"_wpcf7_container_post\" value=\"0\" \/>\n<input type=\"hidden\" name=\"_wpcf7_posted_data_hash\" value=\"\" \/>\n<\/div>\n<div class=\"formContainer\">\n\t<div class=\"form-part\">\n\t\t<p><label> Anrede *<br \/>\n<span class=\"wpcf7-form-control-wrap\" data-name=\"anrede\"><select class=\"wpcf7-form-control wpcf7-select wpcf7-validates-as-required\" aria-required=\"true\" aria-invalid=\"false\" name=\"anrede\"><option value=\"Frau\">Frau<\/option><option value=\"Herr\">Herr<\/option><\/select><\/span><\/label>\n\t\t<\/p>\n\t<\/div>\n\t<div class=\"form-width-half\">\n\t\t<p><label> Vorname *<br \/>\n<span class=\"wpcf7-form-control-wrap\" data-name=\"vorname\"><input size=\"40\" maxlength=\"400\" class=\"wpcf7-form-control wpcf7-text wpcf7-validates-as-required\" aria-required=\"true\" aria-invalid=\"false\" value=\"\" type=\"text\" name=\"vorname\" \/><\/span> <\/label>\n\t\t<\/p>\n\t<\/div>\n\t<div class=\"form-width-half\">\n\t\t<p><label> Nachname *<br \/>\n<span class=\"wpcf7-form-control-wrap\" data-name=\"nachname\"><input size=\"40\" maxlength=\"400\" class=\"wpcf7-form-control wpcf7-text wpcf7-validates-as-required\" aria-required=\"true\" aria-invalid=\"false\" value=\"\" type=\"text\" name=\"nachname\" \/><\/span> <\/label>\n\t\t<\/p>\n\t<\/div>\n\t<div class=\"form-width-half\">\n\t\t<p><label> E-mail *<br \/>\n<span class=\"wpcf7-form-control-wrap\" data-name=\"your-email\"><input size=\"40\" maxlength=\"400\" class=\"wpcf7-form-control wpcf7-email wpcf7-validates-as-required wpcf7-text wpcf7-validates-as-email\" aria-required=\"true\" aria-invalid=\"false\" value=\"\" type=\"email\" name=\"your-email\" \/><\/span> <\/label>\n\t\t<\/p>\n\t<\/div>\n\t<div class=\"form-width-half\">\n\t\t<p><label> Telefon *<br \/>\n<span class=\"wpcf7-form-control-wrap\" data-name=\"telefon\"><input size=\"40\" maxlength=\"400\" class=\"wpcf7-form-control wpcf7-tel wpcf7-validates-as-required wpcf7-text wpcf7-validates-as-tel\" aria-required=\"true\" aria-invalid=\"false\" value=\"\" type=\"tel\" name=\"telefon\" \/><\/span><\/label>\n\t\t<\/p>\n\t<\/div>\n\t<div class=\"form-part\">\n\t\t<p><label> Betreff *<br \/>\n<span class=\"wpcf7-form-control-wrap\" data-name=\"betreff\"><input size=\"40\" maxlength=\"400\" class=\"wpcf7-form-control wpcf7-text wpcf7-validates-as-required\" aria-required=\"true\" aria-invalid=\"false\" value=\"\" type=\"text\" name=\"betreff\" \/><\/span><\/label>\n\t\t<\/p>\n\t<\/div>\n\t<div class=\"form-part\">\n\t\t<p><label> Nachricht(optional)<br \/>\n<span class=\"wpcf7-form-control-wrap\" data-name=\"your-message\"><textarea cols=\"40\" rows=\"10\" maxlength=\"2000\" class=\"wpcf7-form-control wpcf7-textarea\" aria-invalid=\"false\" name=\"your-message\"><\/textarea><\/span> <\/label>\n\t\t<\/p>\n\t<\/div>\n\t<div class=\"form-part\">\n\t\t<p><label>Sicherheitsabfrage *<br \/>\n<input type=\"hidden\" name=\"_wpcf7_captcha_challenge_captcha-170\" value=\"3757659012\" \/><img decoding=\"async\" class=\"wpcf7-form-control wpcf7-captchac wpcf7-captcha-captcha-170 sicherheit\" width=\"72\" height=\"24\" alt=\"captcha\" src=\"https:\/\/www.baeckerei-gantner.ch\/cms\/wp-content\/uploads\/wpcf7_captcha\/3757659012.png\" \/><span class=\"wpcf7-form-control-wrap\" data-name=\"captcha-170\"><input size=\"4\" maxlength=\"4\" class=\"wpcf7-form-control wpcf7-captchar\" autocomplete=\"off\" aria-invalid=\"false\" value=\"\" type=\"text\" name=\"captcha-170\" \/><\/span><\/label>\n\t\t<\/p>\n\t<\/div>\n<\/div>\n<div class=\"formButton\">\n\t<p><input class=\"wpcf7-form-control wpcf7-submit has-spinner\" type=\"submit\" value=\"Daten senden\" \/>\n\t<\/p>\n<\/div><p style=\"display: none !important;\" class=\"akismet-fields-container\" data-prefix=\"_wpcf7_ak_\"><label>&#916;<textarea name=\"_wpcf7_ak_hp_textarea\" cols=\"45\" rows=\"8\" maxlength=\"100\"><\/textarea><\/label><input type=\"hidden\" id=\"ak_js_1\" name=\"_wpcf7_ak_js\" value=\"30\"\/><script>document.getElementById( \"ak_js_1\" ).setAttribute( \"value\", ( new Date() ).getTime() );<\/script><\/p><div class=\"wpcf7-response-output\" aria-hidden=\"true\"><\/div>\n<\/form>\n<\/div>\n\t\t\t\t\t\t\t\t<\/div>\n\t\t\t\t<\/div>\n\t\t\t\t<div class=\"elementor-element elementor-element-9a0904c elementor-widget elementor-widget-text-editor\" data-id=\"9a0904c\" data-element_type=\"widget\" data-widget_type=\"text-editor.default\">\n\t\t\t\t<div class=\"elementor-widget-container\">\n\t\t\t\t\t\t\t\t\t<p>* Pflichtfelder<\/p>\t\t\t\t\t\t\t\t<\/div>\n\t\t\t\t<\/div>\n\t\t\t\t<div class=\"elementor-element elementor-element-a4b6677 elementor-widget elementor-widget-google_maps\" data-id=\"a4b6677\" data-element_type=\"widget\" data-widget_type=\"google_maps.default\">\n\t\t\t\t<div class=\"elementor-widget-container\">\n\t\t\t\t\t\t\t<div class=\"elementor-custom-embed\">\n\t\t\t<iframe loading=\"lazy\"\n\t\t\t\t\tsrc=\"https:\/\/maps.google.com\/maps?q=%20%20B%C3%A4ckerei-Konditorei%20Gantner%20GmbH&#038;t=m&#038;z=11&#038;output=embed&#038;iwloc=near\"\n\t\t\t\t\ttitle=\"  B\u00e4ckerei-Konditorei Gantner GmbH\"\n\t\t\t\t\taria-label=\"  B\u00e4ckerei-Konditorei Gantner GmbH\"\n\t\t\t><\/iframe>\n\t\t<\/div>\n\t\t\t\t\t\t<\/div>\n\t\t\t\t<\/div>\n\t\t\t\t\t<\/div>\n\t\t<\/div>\n\t\t\t\t\t<\/div>\n\t\t<\/section>\n\t\t\t\t<section class=\"elementor-section elementor-top-section elementor-element elementor-element-2fb32af elementor-section-boxed elementor-section-height-default elementor-section-height-default\" data-id=\"2fb32af\" data-element_type=\"section\">\n\t\t\t\t\t\t<div class=\"elementor-container elementor-column-gap-default\">\n\t\t\t\t\t<div class=\"elementor-column elementor-col-100 elementor-top-column elementor-element elementor-element-287afa7\" data-id=\"287afa7\" data-element_type=\"column\">\n\t\t\t<div class=\"elementor-widget-wrap\">\n\t\t\t\t\t\t\t<\/div>\n\t\t<\/div>\n\t\t\t\t\t<\/div>\n\t\t<\/section>\n\t\t\t\t<\/div>\n\t\t","protected":false},"excerpt":{"rendered":"<p>Kontakt Die B\u00e4ckerei Gantner nimmt Ihre mass angefertigten Auftr\u00e4ge entgegen, auch bei sonstigen Fragen stehen wir zur Ihrer Verf\u00fcgung. Z\u00f6gern Sie nicht uns anzurufen oder das untenstehende Kontaktformular zu benutzen. * Pflichtfelder<\/p>\n","protected":false},"author":1,"featured_media":0,"parent":0,"menu_order":0,"comment_status":"closed","ping_status":"closed","template":"","meta":{"_themeisle_gutenberg_block_has_review":false,"footnotes":""},"class_list":["post-1140","page","type-page","status-publish","hentry"],"yoast_head":"<!-- This site is optimized with the Yoast SEO plugin v24.1 - https:\/\/yoast.com\/wordpress\/plugins\/seo\/ -->\n<title>Kontakt - B\u00e4ckerei Gantner<\/title>\n<meta name=\"robots\" content=\"index, follow, max-snippet:-1, max-image-preview:large, max-video-preview:-1\" \/>\n<link rel=\"canonical\" href=\"https:\/\/www.baeckerei-gantner.ch\/cms\/kontakt-2\/\" \/>\n<meta property=\"og:locale\" content=\"de_DE\" \/>\n<meta property=\"og:type\" content=\"article\" \/>\n<meta property=\"og:title\" content=\"Kontakt - B\u00e4ckerei Gantner\" \/>\n<meta property=\"og:description\" content=\"Kontakt Die B\u00e4ckerei Gantner nimmt Ihre mass angefertigten Auftr\u00e4ge entgegen, auch bei sonstigen Fragen stehen wir zur Ihrer Verf\u00fcgung. Z\u00f6gern Sie nicht uns anzurufen oder das untenstehende Kontaktformular zu benutzen. * Pflichtfelder\" \/>\n<meta property=\"og:url\" content=\"https:\/\/www.baeckerei-gantner.ch\/cms\/kontakt-2\/\" \/>\n<meta property=\"og:site_name\" content=\"B\u00e4ckerei Gantner\" \/>\n<meta property=\"article:modified_time\" content=\"2023-12-19T13:49:05+00:00\" \/>\n<meta name=\"twitter:card\" content=\"summary_large_image\" \/>\n<meta name=\"twitter:label1\" content=\"Gesch\u00e4tzte Lesezeit\" \/>\n\t<meta name=\"twitter:data1\" content=\"1\u00a0Minute\" \/>\n<script type=\"application\/ld+json\" class=\"yoast-schema-graph\">{\"@context\":\"https:\/\/schema.org\",\"@graph\":[{\"@type\":\"WebPage\",\"@id\":\"https:\/\/www.baeckerei-gantner.ch\/cms\/kontakt-2\/\",\"url\":\"https:\/\/www.baeckerei-gantner.ch\/cms\/kontakt-2\/\",\"name\":\"Kontakt - B\u00e4ckerei Gantner\",\"isPartOf\":{\"@id\":\"https:\/\/www.baeckerei-gantner.ch\/cms\/#website\"},\"datePublished\":\"2023-04-26T12:48:15+00:00\",\"dateModified\":\"2023-12-19T13:49:05+00:00\",\"breadcrumb\":{\"@id\":\"https:\/\/www.baeckerei-gantner.ch\/cms\/kontakt-2\/#breadcrumb\"},\"inLanguage\":\"de-CH\",\"potentialAction\":[{\"@type\":\"ReadAction\",\"target\":[\"https:\/\/www.baeckerei-gantner.ch\/cms\/kontakt-2\/\"]}]},{\"@type\":\"BreadcrumbList\",\"@id\":\"https:\/\/www.baeckerei-gantner.ch\/cms\/kontakt-2\/#breadcrumb\",\"itemListElement\":[{\"@type\":\"ListItem\",\"position\":1,\"name\":\"Startseite\",\"item\":\"https:\/\/www.baeckerei-gantner.ch\/cms\/\"},{\"@type\":\"ListItem\",\"position\":2,\"name\":\"Kontakt\"}]},{\"@type\":\"WebSite\",\"@id\":\"https:\/\/www.baeckerei-gantner.ch\/cms\/#website\",\"url\":\"https:\/\/www.baeckerei-gantner.ch\/cms\/\",\"name\":\"B\u00e4ckerei Gantner\",\"description\":\"Der beste Beck am linken Seeufer\",\"potentialAction\":[{\"@type\":\"SearchAction\",\"target\":{\"@type\":\"EntryPoint\",\"urlTemplate\":\"https:\/\/www.baeckerei-gantner.ch\/cms\/?s={search_term_string}\"},\"query-input\":{\"@type\":\"PropertyValueSpecification\",\"valueRequired\":true,\"valueName\":\"search_term_string\"}}],\"inLanguage\":\"de-CH\"}]}<\/script>\n<!-- \/ Yoast SEO plugin. -->","yoast_head_json":{"title":"Kontakt - B\u00e4ckerei Gantner","robots":{"index":"index","follow":"follow","max-snippet":"max-snippet:-1","max-image-preview":"max-image-preview:large","max-video-preview":"max-video-preview:-1"},"canonical":"https:\/\/www.baeckerei-gantner.ch\/cms\/kontakt-2\/","og_locale":"de_DE","og_type":"article","og_title":"Kontakt - B\u00e4ckerei Gantner","og_description":"Kontakt Die B\u00e4ckerei Gantner nimmt Ihre mass angefertigten Auftr\u00e4ge entgegen, auch bei sonstigen Fragen stehen wir zur Ihrer Verf\u00fcgung. Z\u00f6gern Sie nicht uns anzurufen oder das untenstehende Kontaktformular zu benutzen. * Pflichtfelder","og_url":"https:\/\/www.baeckerei-gantner.ch\/cms\/kontakt-2\/","og_site_name":"B\u00e4ckerei Gantner","article_modified_time":"2023-12-19T13:49:05+00:00","twitter_card":"summary_large_image","twitter_misc":{"Gesch\u00e4tzte Lesezeit":"1\u00a0Minute"},"schema":{"@context":"https:\/\/schema.org","@graph":[{"@type":"WebPage","@id":"https:\/\/www.baeckerei-gantner.ch\/cms\/kontakt-2\/","url":"https:\/\/www.baeckerei-gantner.ch\/cms\/kontakt-2\/","name":"Kontakt - B\u00e4ckerei Gantner","isPartOf":{"@id":"https:\/\/www.baeckerei-gantner.ch\/cms\/#website"},"datePublished":"2023-04-26T12:48:15+00:00","dateModified":"2023-12-19T13:49:05+00:00","breadcrumb":{"@id":"https:\/\/www.baeckerei-gantner.ch\/cms\/kontakt-2\/#breadcrumb"},"inLanguage":"de-CH","potentialAction":[{"@type":"ReadAction","target":["https:\/\/www.baeckerei-gantner.ch\/cms\/kontakt-2\/"]}]},{"@type":"BreadcrumbList","@id":"https:\/\/www.baeckerei-gantner.ch\/cms\/kontakt-2\/#breadcrumb","itemListElement":[{"@type":"ListItem","position":1,"name":"Startseite","item":"https:\/\/www.baeckerei-gantner.ch\/cms\/"},{"@type":"ListItem","position":2,"name":"Kontakt"}]},{"@type":"WebSite","@id":"https:\/\/www.baeckerei-gantner.ch\/cms\/#website","url":"https:\/\/www.baeckerei-gantner.ch\/cms\/","name":"B\u00e4ckerei Gantner","description":"Der beste Beck am linken Seeufer","potentialAction":[{"@type":"SearchAction","target":{"@type":"EntryPoint","urlTemplate":"https:\/\/www.baeckerei-gantner.ch\/cms\/?s={search_term_string}"},"query-input":{"@type":"PropertyValueSpecification","valueRequired":true,"valueName":"search_term_string"}}],"inLanguage":"de-CH"}]}},"_links":{"self":[{"href":"https:\/\/www.baeckerei-gantner.ch\/cms\/wp-json\/wp\/v2\/pages\/1140","targetHints":{"allow":["GET"]}}],"collection":[{"href":"https:\/\/www.baeckerei-gantner.ch\/cms\/wp-json\/wp\/v2\/pages"}],"about":[{"href":"https:\/\/www.baeckerei-gantner.ch\/cms\/wp-json\/wp\/v2\/types\/page"}],"author":[{"embeddable":true,"href":"https:\/\/www.baeckerei-gantner.ch\/cms\/wp-json\/wp\/v2\/users\/1"}],"replies":[{"embeddable":true,"href":"https:\/\/www.baeckerei-gantner.ch\/cms\/wp-json\/wp\/v2\/comments?post=1140"}],"version-history":[{"count":3,"href":"https:\/\/www.baeckerei-gantner.ch\/cms\/wp-json\/wp\/v2\/pages\/1140\/revisions"}],"predecessor-version":[{"id":1145,"href":"https:\/\/www.baeckerei-gantner.ch\/cms\/wp-json\/wp\/v2\/pages\/1140\/revisions\/1145"}],"wp:attachment":[{"href":"https:\/\/www.baeckerei-gantner.ch\/cms\/wp-json\/wp\/v2\/media?parent=1140"}],"curies":[{"name":"wp","href":"https:\/\/api.w.org\/{rel}","templated":true}]}}