{"id":1322,"date":"2023-05-05T13:38:37","date_gmt":"2023-05-05T11:38:37","guid":{"rendered":"https:\/\/www.baeckerei-gantner.ch\/cms\/?page_id=1322"},"modified":"2025-02-10T13:33:38","modified_gmt":"2025-02-10T12:33:38","slug":"konditorei-2","status":"publish","type":"page","link":"https:\/\/www.baeckerei-gantner.ch\/cms\/konditorei-2\/","title":{"rendered":"Konditorei"},"content":{"rendered":"\n<h2 class=\"wp-block-heading\">Konditorei<\/h2>\n\n\n\n<h4 class=\"wp-block-heading\">T\u00e4glich frisch aus unserer Konditorei eine vielf\u00e4ltige Auswahl \u2013 k\u00f6stlich und phantasievoll hergestellt.<\/h4>\n\n\n\n<h2 class=\"wp-block-heading\">Unsere S\u00fcss-Geb\u00e4cke sind bei uns vor Ort t\u00e4glich frisch produziert.<\/h2>\n\n\n\n<ul class=\"wp-block-list\">\n<li>Spitzbueben<\/li>\n\n\n\n<li>Nussecken<\/li>\n\n\n\n<li>Butterkonfekt<\/li>\n\n\n\n<li>Sebastopol<\/li>\n\n\n\n<li>Bl\u00e4tterteigst\u00fcckli<\/li>\n<\/ul>\n\n\n\n<p><a href=\"https:\/\/www.baeckerei-gantner.ch\/cms\/kontakt-2\/\"><br>Bestellung aufgeben.<br><\/a><\/p>\n\n\n\n<h2 class=\"wp-block-heading\">Galerie<\/h2>\n\n\n\n<p><style>\/*! elementor - v3.18.0 - 20-12-2023 *\/<br \/>\n.elementor-image-gallery .gallery-item{display:inline-block;text-align:center;vertical-align:top;width:100%;max-width:100%;margin:0 auto}.elementor-image-gallery .gallery-item img{margin:0 auto}.elementor-image-gallery .gallery-item .gallery-caption{margin:0}.elementor-image-gallery figure img{display:block}.elementor-image-gallery figure figcaption{width:100%}.gallery-spacing-custom .elementor-image-gallery .gallery-icon{padding:0}@media (min-width:768px){.elementor-image-gallery .gallery-columns-2 .gallery-item{max-width:50%}.elementor-image-gallery .gallery-columns-3 .gallery-item{max-width:33.33%}.elementor-image-gallery .gallery-columns-4 .gallery-item{max-width:25%}.elementor-image-gallery .gallery-columns-5 .gallery-item{max-width:20%}.elementor-image-gallery .gallery-columns-6 .gallery-item{max-width:16.666%}.elementor-image-gallery .gallery-columns-7 .gallery-item{max-width:14.28%}.elementor-image-gallery .gallery-columns-8 .gallery-item{max-width:12.5%}.elementor-image-gallery .gallery-columns-9 .gallery-item{max-width:11.11%}.elementor-image-gallery .gallery-columns-10 .gallery-item{max-width:10%}}@media (min-width:480px) and (max-width:767px){.elementor-image-gallery .gallery.gallery-columns-2 .gallery-item,.elementor-image-gallery .gallery.gallery-columns-3 .gallery-item,.elementor-image-gallery .gallery.gallery-columns-4 .gallery-item,.elementor-image-gallery .gallery.gallery-columns-5 .gallery-item,.elementor-image-gallery .gallery.gallery-columns-6 .gallery-item,.elementor-image-gallery .gallery.gallery-columns-7 .gallery-item,.elementor-image-gallery .gallery.gallery-columns-8 .gallery-item,.elementor-image-gallery .gallery.gallery-columns-9 .gallery-item,.elementor-image-gallery .gallery.gallery-columns-10 .gallery-item{max-width:50%}}@media (max-width:479px){.elementor-image-gallery .gallery.gallery-columns-2 .gallery-item,.elementor-image-gallery .gallery.gallery-columns-3 .gallery-item,.elementor-image-gallery .gallery.gallery-columns-4 .gallery-item,.elementor-image-gallery .gallery.gallery-columns-5 .gallery-item,.elementor-image-gallery .gallery.gallery-columns-6 .gallery-item,.elementor-image-gallery .gallery.gallery-columns-7 .gallery-item,.elementor-image-gallery .gallery.gallery-columns-8 .gallery-item,.elementor-image-gallery .gallery.gallery-columns-9 .gallery-item,.elementor-image-gallery .gallery.gallery-columns-10 .gallery-item{max-width:100%}}<\/style><\/p>\n\n\n<style>.wp-block-kadence-advancedgallery .kb-gallery-type-masonry.kb-gallery-id-1322_7b3572-33{margin:-5px;}.kb-gallery-type-masonry.kb-gallery-id-1322_7b3572-33 .kadence-blocks-gallery-item{padding:5px;}.kb-gallery-id-1322_7b3572-33 .kadence-blocks-gallery-item .kb-gal-image-radius, .kb-gallery-id-1322_7b3572-33 .kb-slide-item .kb-gal-image-radius img{border-radius:0px 0px 0px 0px;;}<\/style><div class=\"kb-gallery-wrap-id-1322_7b3572-33 alignnone wp-block-kadence-advancedgallery\"><ul class=\"kb-gallery-ul kb-gallery-non-static kb-gallery-type-masonry kb-masonry-init kb-gallery-id-1322_7b3572-33 kb-gallery-caption-style-bottom-hover kb-gallery-filter-none\" data-image-filter=\"none\" data-item-selector=\".kadence-blocks-gallery-item\" data-lightbox-caption=\"true\" data-columns-xxl=\"3\" data-columns-xl=\"3\" data-columns-md=\"3\" data-columns-sm=\"2\" data-columns-xs=\"1\" data-columns-ss=\"1\"><li class=\"kadence-blocks-gallery-item\"><div class=\"kadence-blocks-gallery-item-inner\"><figure class=\"kb-gallery-figure kadence-blocks-gallery-item-hide-caption\" \"><div class=\"kb-gal-image-radius\" style=\"max-width:400px;\"><div class=\"kb-gallery-image-contain kadence-blocks-gallery-intrinsic\" style=\"padding-bottom:67%;\"><img fetchpriority=\"high\" decoding=\"async\" src=\"https:\/\/www.baeckerei-gantner.ch\/cms\/wp-content\/uploads\/2025\/02\/Mandelgipfel.jpg\" width=\"400\" height=\"269\" alt=\"\" data-full-image=\"https:\/\/www.baeckerei-gantner.ch\/cms\/wp-content\/uploads\/2025\/02\/Mandelgipfel.jpg\" data-light-image=\"https:\/\/www.baeckerei-gantner.ch\/cms\/wp-content\/uploads\/2025\/02\/Mandelgipfel.jpg\" data-id=\"1516\" class=\"wp-image-1516\" srcset=\"https:\/\/www.baeckerei-gantner.ch\/cms\/wp-content\/uploads\/2025\/02\/Mandelgipfel.jpg 400w, https:\/\/www.baeckerei-gantner.ch\/cms\/wp-content\/uploads\/2025\/02\/Mandelgipfel-300x202.jpg 300w\" sizes=\"(max-width: 400px) 100vw, 400px\" \/><\/div><\/div><\/figure><\/div><\/li><li class=\"kadence-blocks-gallery-item\"><div class=\"kadence-blocks-gallery-item-inner\"><figure class=\"kb-gallery-figure kadence-blocks-gallery-item-hide-caption\" \"><div class=\"kb-gal-image-radius\" style=\"max-width:338px;\"><div class=\"kb-gallery-image-contain kadence-blocks-gallery-intrinsic\" style=\"padding-bottom:69%;\"><img decoding=\"async\" src=\"https:\/\/www.baeckerei-gantner.ch\/cms\/wp-content\/uploads\/2025\/02\/Bireweggli-1.jpg\" width=\"338\" height=\"236\" alt=\"\" data-full-image=\"https:\/\/www.baeckerei-gantner.ch\/cms\/wp-content\/uploads\/2025\/02\/Bireweggli-1.jpg\" data-light-image=\"https:\/\/www.baeckerei-gantner.ch\/cms\/wp-content\/uploads\/2025\/02\/Bireweggli-1.jpg\" data-id=\"1524\" class=\"wp-image-1524\" srcset=\"https:\/\/www.baeckerei-gantner.ch\/cms\/wp-content\/uploads\/2025\/02\/Bireweggli-1.jpg 338w, https:\/\/www.baeckerei-gantner.ch\/cms\/wp-content\/uploads\/2025\/02\/Bireweggli-1-300x209.jpg 300w\" sizes=\"(max-width: 338px) 100vw, 338px\" \/><\/div><\/div><\/figure><\/div><\/li><li class=\"kadence-blocks-gallery-item\"><div class=\"kadence-blocks-gallery-item-inner\"><figure class=\"kb-gallery-figure kadence-blocks-gallery-item-hide-caption\" \"><div class=\"kb-gal-image-radius\" style=\"max-width:400px;\"><div class=\"kb-gallery-image-contain kadence-blocks-gallery-intrinsic\" style=\"padding-bottom:88%;\"><img decoding=\"async\" src=\"https:\/\/www.baeckerei-gantner.ch\/cms\/wp-content\/uploads\/2025\/02\/Apfelkrapfen.jpg\" width=\"400\" height=\"352\" alt=\"\" data-full-image=\"https:\/\/www.baeckerei-gantner.ch\/cms\/wp-content\/uploads\/2025\/02\/Apfelkrapfen.jpg\" data-light-image=\"https:\/\/www.baeckerei-gantner.ch\/cms\/wp-content\/uploads\/2025\/02\/Apfelkrapfen.jpg\" data-id=\"1512\" class=\"wp-image-1512\" srcset=\"https:\/\/www.baeckerei-gantner.ch\/cms\/wp-content\/uploads\/2025\/02\/Apfelkrapfen.jpg 400w, https:\/\/www.baeckerei-gantner.ch\/cms\/wp-content\/uploads\/2025\/02\/Apfelkrapfen-300x264.jpg 300w\" sizes=\"(max-width: 400px) 100vw, 400px\" \/><\/div><\/div><\/figure><\/div><\/li><li class=\"kadence-blocks-gallery-item\"><div class=\"kadence-blocks-gallery-item-inner\"><figure class=\"kb-gallery-figure kadence-blocks-gallery-item-hide-caption\" \"><div class=\"kb-gal-image-radius\" style=\"max-width:1024px;\"><div class=\"kb-gallery-image-contain kadence-blocks-gallery-intrinsic\" style=\"padding-bottom:91%;\"><img loading=\"lazy\" decoding=\"async\" src=\"https:\/\/www.baeckerei-gantner.ch\/cms\/wp-content\/uploads\/2025\/02\/Nusseggen-1024x935.jpg\" width=\"1024\" height=\"935\" alt=\"\" data-full-image=\"https:\/\/www.baeckerei-gantner.ch\/cms\/wp-content\/uploads\/2025\/02\/Nusseggen.jpg\" data-light-image=\"https:\/\/www.baeckerei-gantner.ch\/cms\/wp-content\/uploads\/2025\/02\/Nusseggen.jpg\" data-id=\"1513\" class=\"wp-image-1513\" srcset=\"https:\/\/www.baeckerei-gantner.ch\/cms\/wp-content\/uploads\/2025\/02\/Nusseggen-1024x935.jpg 1024w, https:\/\/www.baeckerei-gantner.ch\/cms\/wp-content\/uploads\/2025\/02\/Nusseggen-300x274.jpg 300w, https:\/\/www.baeckerei-gantner.ch\/cms\/wp-content\/uploads\/2025\/02\/Nusseggen-2000x1827.jpg 2000w\" sizes=\"(max-width: 1024px) 100vw, 1024px\" \/><\/div><\/div><\/figure><\/div><\/li><li class=\"kadence-blocks-gallery-item\"><div class=\"kadence-blocks-gallery-item-inner\"><figure class=\"kb-gallery-figure kadence-blocks-gallery-item-hide-caption\" \"><div class=\"kb-gal-image-radius\" style=\"max-width:300px;\"><div class=\"kb-gallery-image-contain kadence-blocks-gallery-intrinsic\" style=\"padding-bottom:106%;\"><img loading=\"lazy\" decoding=\"async\" src=\"https:\/\/www.baeckerei-gantner.ch\/cms\/wp-content\/uploads\/2025\/02\/Feinste-Glaces.jpg\" width=\"300\" height=\"320\" alt=\"\" data-full-image=\"https:\/\/www.baeckerei-gantner.ch\/cms\/wp-content\/uploads\/2025\/02\/Feinste-Glaces.jpg\" data-light-image=\"https:\/\/www.baeckerei-gantner.ch\/cms\/wp-content\/uploads\/2025\/02\/Feinste-Glaces.jpg\" data-id=\"1515\" class=\"wp-image-1515\" srcset=\"https:\/\/www.baeckerei-gantner.ch\/cms\/wp-content\/uploads\/2025\/02\/Feinste-Glaces.jpg 300w, https:\/\/www.baeckerei-gantner.ch\/cms\/wp-content\/uploads\/2025\/02\/Feinste-Glaces-281x300.jpg 281w\" sizes=\"(max-width: 300px) 100vw, 300px\" \/><\/div><\/div><\/figure><\/div><\/li><li class=\"kadence-blocks-gallery-item\"><div class=\"kadence-blocks-gallery-item-inner\"><figure class=\"kb-gallery-figure kadence-blocks-gallery-item-hide-caption\" \"><div class=\"kb-gal-image-radius\" style=\"max-width:680px;\"><div class=\"kb-gallery-image-contain kadence-blocks-gallery-intrinsic\" style=\"padding-bottom:150%;\"><img loading=\"lazy\" decoding=\"async\" src=\"https:\/\/www.baeckerei-gantner.ch\/cms\/wp-content\/uploads\/2025\/02\/Mickey-Mouse-Spitzbub-680x1024.jpg\" width=\"680\" height=\"1024\" alt=\"\" data-full-image=\"https:\/\/www.baeckerei-gantner.ch\/cms\/wp-content\/uploads\/2025\/02\/Mickey-Mouse-Spitzbub-scaled.jpg\" data-light-image=\"https:\/\/www.baeckerei-gantner.ch\/cms\/wp-content\/uploads\/2025\/02\/Mickey-Mouse-Spitzbub-scaled.jpg\" data-id=\"1514\" class=\"wp-image-1514\" srcset=\"https:\/\/www.baeckerei-gantner.ch\/cms\/wp-content\/uploads\/2025\/02\/Mickey-Mouse-Spitzbub-680x1024.jpg 680w, https:\/\/www.baeckerei-gantner.ch\/cms\/wp-content\/uploads\/2025\/02\/Mickey-Mouse-Spitzbub-199x300.jpg 199w, https:\/\/www.baeckerei-gantner.ch\/cms\/wp-content\/uploads\/2025\/02\/Mickey-Mouse-Spitzbub-2000x3013.jpg 2000w, https:\/\/www.baeckerei-gantner.ch\/cms\/wp-content\/uploads\/2025\/02\/Mickey-Mouse-Spitzbub-scaled.jpg 1699w\" sizes=\"(max-width: 680px) 100vw, 680px\" \/><\/div><\/div><\/figure><\/div><\/li><li class=\"kadence-blocks-gallery-item\"><div class=\"kadence-blocks-gallery-item-inner\"><figure class=\"kb-gallery-figure kadence-blocks-gallery-item-hide-caption\" \"><div class=\"kb-gal-image-radius\" style=\"max-width:320px;\"><div class=\"kb-gallery-image-contain kadence-blocks-gallery-intrinsic\" style=\"padding-bottom:99%;\"><img loading=\"lazy\" decoding=\"async\" src=\"https:\/\/www.baeckerei-gantner.ch\/cms\/wp-content\/uploads\/2025\/02\/Junge-aus-Spitzbubenteig.jpg\" width=\"320\" height=\"317\" alt=\"\" data-full-image=\"https:\/\/www.baeckerei-gantner.ch\/cms\/wp-content\/uploads\/2025\/02\/Junge-aus-Spitzbubenteig.jpg\" data-light-image=\"https:\/\/www.baeckerei-gantner.ch\/cms\/wp-content\/uploads\/2025\/02\/Junge-aus-Spitzbubenteig.jpg\" data-id=\"1522\" class=\"wp-image-1522\" srcset=\"https:\/\/www.baeckerei-gantner.ch\/cms\/wp-content\/uploads\/2025\/02\/Junge-aus-Spitzbubenteig.jpg 320w, https:\/\/www.baeckerei-gantner.ch\/cms\/wp-content\/uploads\/2025\/02\/Junge-aus-Spitzbubenteig-300x297.jpg 300w, https:\/\/www.baeckerei-gantner.ch\/cms\/wp-content\/uploads\/2025\/02\/Junge-aus-Spitzbubenteig-150x150.jpg 150w\" sizes=\"(max-width: 320px) 100vw, 320px\" \/><\/div><\/div><\/figure><\/div><\/li><li class=\"kadence-blocks-gallery-item\"><div class=\"kadence-blocks-gallery-item-inner\"><figure class=\"kb-gallery-figure kadence-blocks-gallery-item-hide-caption\" \"><div class=\"kb-gal-image-radius\" style=\"max-width:320px;\"><div class=\"kb-gallery-image-contain kadence-blocks-gallery-intrinsic\" style=\"padding-bottom:99%;\"><img loading=\"lazy\" decoding=\"async\" src=\"https:\/\/www.baeckerei-gantner.ch\/cms\/wp-content\/uploads\/2025\/02\/Maedchen-aus-Spitzbubenteig-und-Marzipan.jpg\" width=\"320\" height=\"319\" alt=\"\" data-full-image=\"https:\/\/www.baeckerei-gantner.ch\/cms\/wp-content\/uploads\/2025\/02\/Maedchen-aus-Spitzbubenteig-und-Marzipan.jpg\" data-light-image=\"https:\/\/www.baeckerei-gantner.ch\/cms\/wp-content\/uploads\/2025\/02\/Maedchen-aus-Spitzbubenteig-und-Marzipan.jpg\" data-id=\"1523\" class=\"wp-image-1523\" srcset=\"https:\/\/www.baeckerei-gantner.ch\/cms\/wp-content\/uploads\/2025\/02\/Maedchen-aus-Spitzbubenteig-und-Marzipan.jpg 320w, https:\/\/www.baeckerei-gantner.ch\/cms\/wp-content\/uploads\/2025\/02\/Maedchen-aus-Spitzbubenteig-und-Marzipan-300x300.jpg 300w, https:\/\/www.baeckerei-gantner.ch\/cms\/wp-content\/uploads\/2025\/02\/Maedchen-aus-Spitzbubenteig-und-Marzipan-150x150.jpg 150w\" sizes=\"(max-width: 320px) 100vw, 320px\" \/><\/div><\/div><\/figure><\/div><\/li><\/ul><\/div>\n\n\n\n\n<p>&nbsp;<\/p>\n\n\n\n\n\n\n\n\n\n<p><\/p>\n","protected":false},"excerpt":{"rendered":"<p>Konditorei T\u00e4glich frisch aus unserer Konditorei eine vielf\u00e4ltige Auswahl \u2013 k\u00f6stlich und phantasievoll hergestellt. Unsere S\u00fcss-Geb\u00e4cke sind bei uns vor Ort t\u00e4glich frisch produziert. Bestellung aufgeben. Galerie &nbsp;<\/p>\n","protected":false},"author":1,"featured_media":1517,"parent":0,"menu_order":0,"comment_status":"closed","ping_status":"closed","template":"","meta":{"_themeisle_gutenberg_block_has_review":false,"footnotes":""},"class_list":["post-1322","page","type-page","status-publish","has-post-thumbnail","hentry"],"yoast_head":"<!-- This site is optimized with the Yoast SEO plugin v24.1 - https:\/\/yoast.com\/wordpress\/plugins\/seo\/ -->\n<title>Konditorei - B\u00e4ckerei Gantner<\/title>\n<meta name=\"robots\" content=\"index, follow, max-snippet:-1, max-image-preview:large, max-video-preview:-1\" \/>\n<link rel=\"canonical\" href=\"https:\/\/www.baeckerei-gantner.ch\/cms\/konditorei-2\/\" \/>\n<meta property=\"og:locale\" content=\"de_DE\" \/>\n<meta property=\"og:type\" content=\"article\" \/>\n<meta property=\"og:title\" content=\"Konditorei - B\u00e4ckerei Gantner\" \/>\n<meta property=\"og:description\" content=\"Konditorei T\u00e4glich frisch aus unserer Konditorei eine vielf\u00e4ltige Auswahl \u2013 k\u00f6stlich und phantasievoll hergestellt. Unsere S\u00fcss-Geb\u00e4cke sind bei uns vor Ort t\u00e4glich frisch produziert. Bestellung aufgeben. Galerie &nbsp;\" \/>\n<meta property=\"og:url\" content=\"https:\/\/www.baeckerei-gantner.ch\/cms\/konditorei-2\/\" \/>\n<meta property=\"og:site_name\" content=\"B\u00e4ckerei Gantner\" \/>\n<meta property=\"article:modified_time\" content=\"2025-02-10T12:33:38+00:00\" \/>\n<meta property=\"og:image\" content=\"https:\/\/www.baeckerei-gantner.ch\/cms\/wp-content\/uploads\/2025\/02\/hausgemachtes-Butterkonfekt-scaled.jpg\" \/>\n\t<meta property=\"og:image:width\" content=\"2560\" \/>\n\t<meta property=\"og:image:height\" content=\"1746\" \/>\n\t<meta property=\"og:image:type\" content=\"image\/jpeg\" \/>\n<meta name=\"twitter:card\" content=\"summary_large_image\" \/>\n<meta name=\"twitter:label1\" content=\"Gesch\u00e4tzte Lesezeit\" \/>\n\t<meta name=\"twitter:data1\" content=\"1\u00a0Minute\" \/>\n<script type=\"application\/ld+json\" class=\"yoast-schema-graph\">{\"@context\":\"https:\/\/schema.org\",\"@graph\":[{\"@type\":\"WebPage\",\"@id\":\"https:\/\/www.baeckerei-gantner.ch\/cms\/konditorei-2\/\",\"url\":\"https:\/\/www.baeckerei-gantner.ch\/cms\/konditorei-2\/\",\"name\":\"Konditorei - B\u00e4ckerei Gantner\",\"isPartOf\":{\"@id\":\"https:\/\/www.baeckerei-gantner.ch\/cms\/#website\"},\"primaryImageOfPage\":{\"@id\":\"https:\/\/www.baeckerei-gantner.ch\/cms\/konditorei-2\/#primaryimage\"},\"image\":{\"@id\":\"https:\/\/www.baeckerei-gantner.ch\/cms\/konditorei-2\/#primaryimage\"},\"thumbnailUrl\":\"https:\/\/www.baeckerei-gantner.ch\/cms\/wp-content\/uploads\/2025\/02\/hausgemachtes-Butterkonfekt-scaled.jpg\",\"datePublished\":\"2023-05-05T11:38:37+00:00\",\"dateModified\":\"2025-02-10T12:33:38+00:00\",\"breadcrumb\":{\"@id\":\"https:\/\/www.baeckerei-gantner.ch\/cms\/konditorei-2\/#breadcrumb\"},\"inLanguage\":\"de-CH\",\"potentialAction\":[{\"@type\":\"ReadAction\",\"target\":[\"https:\/\/www.baeckerei-gantner.ch\/cms\/konditorei-2\/\"]}]},{\"@type\":\"ImageObject\",\"inLanguage\":\"de-CH\",\"@id\":\"https:\/\/www.baeckerei-gantner.ch\/cms\/konditorei-2\/#primaryimage\",\"url\":\"https:\/\/www.baeckerei-gantner.ch\/cms\/wp-content\/uploads\/2025\/02\/hausgemachtes-Butterkonfekt-scaled.jpg\",\"contentUrl\":\"https:\/\/www.baeckerei-gantner.ch\/cms\/wp-content\/uploads\/2025\/02\/hausgemachtes-Butterkonfekt-scaled.jpg\",\"width\":2560,\"height\":1746,\"caption\":\"Hausgemachtes Butterkonfekt\"},{\"@type\":\"BreadcrumbList\",\"@id\":\"https:\/\/www.baeckerei-gantner.ch\/cms\/konditorei-2\/#breadcrumb\",\"itemListElement\":[{\"@type\":\"ListItem\",\"position\":1,\"name\":\"Startseite\",\"item\":\"https:\/\/www.baeckerei-gantner.ch\/cms\/\"},{\"@type\":\"ListItem\",\"position\":2,\"name\":\"Konditorei\"}]},{\"@type\":\"WebSite\",\"@id\":\"https:\/\/www.baeckerei-gantner.ch\/cms\/#website\",\"url\":\"https:\/\/www.baeckerei-gantner.ch\/cms\/\",\"name\":\"B\u00e4ckerei Gantner\",\"description\":\"Der beste Beck am linken Seeufer\",\"potentialAction\":[{\"@type\":\"SearchAction\",\"target\":{\"@type\":\"EntryPoint\",\"urlTemplate\":\"https:\/\/www.baeckerei-gantner.ch\/cms\/?s={search_term_string}\"},\"query-input\":{\"@type\":\"PropertyValueSpecification\",\"valueRequired\":true,\"valueName\":\"search_term_string\"}}],\"inLanguage\":\"de-CH\"}]}<\/script>\n<!-- \/ Yoast SEO plugin. -->","yoast_head_json":{"title":"Konditorei - B\u00e4ckerei Gantner","robots":{"index":"index","follow":"follow","max-snippet":"max-snippet:-1","max-image-preview":"max-image-preview:large","max-video-preview":"max-video-preview:-1"},"canonical":"https:\/\/www.baeckerei-gantner.ch\/cms\/konditorei-2\/","og_locale":"de_DE","og_type":"article","og_title":"Konditorei - B\u00e4ckerei Gantner","og_description":"Konditorei T\u00e4glich frisch aus unserer Konditorei eine vielf\u00e4ltige Auswahl \u2013 k\u00f6stlich und phantasievoll hergestellt. Unsere S\u00fcss-Geb\u00e4cke sind bei uns vor Ort t\u00e4glich frisch produziert. Bestellung aufgeben. Galerie &nbsp;","og_url":"https:\/\/www.baeckerei-gantner.ch\/cms\/konditorei-2\/","og_site_name":"B\u00e4ckerei Gantner","article_modified_time":"2025-02-10T12:33:38+00:00","og_image":[{"width":2560,"height":1746,"url":"https:\/\/www.baeckerei-gantner.ch\/cms\/wp-content\/uploads\/2025\/02\/hausgemachtes-Butterkonfekt-scaled.jpg","type":"image\/jpeg"}],"twitter_card":"summary_large_image","twitter_misc":{"Gesch\u00e4tzte Lesezeit":"1\u00a0Minute"},"schema":{"@context":"https:\/\/schema.org","@graph":[{"@type":"WebPage","@id":"https:\/\/www.baeckerei-gantner.ch\/cms\/konditorei-2\/","url":"https:\/\/www.baeckerei-gantner.ch\/cms\/konditorei-2\/","name":"Konditorei - B\u00e4ckerei Gantner","isPartOf":{"@id":"https:\/\/www.baeckerei-gantner.ch\/cms\/#website"},"primaryImageOfPage":{"@id":"https:\/\/www.baeckerei-gantner.ch\/cms\/konditorei-2\/#primaryimage"},"image":{"@id":"https:\/\/www.baeckerei-gantner.ch\/cms\/konditorei-2\/#primaryimage"},"thumbnailUrl":"https:\/\/www.baeckerei-gantner.ch\/cms\/wp-content\/uploads\/2025\/02\/hausgemachtes-Butterkonfekt-scaled.jpg","datePublished":"2023-05-05T11:38:37+00:00","dateModified":"2025-02-10T12:33:38+00:00","breadcrumb":{"@id":"https:\/\/www.baeckerei-gantner.ch\/cms\/konditorei-2\/#breadcrumb"},"inLanguage":"de-CH","potentialAction":[{"@type":"ReadAction","target":["https:\/\/www.baeckerei-gantner.ch\/cms\/konditorei-2\/"]}]},{"@type":"ImageObject","inLanguage":"de-CH","@id":"https:\/\/www.baeckerei-gantner.ch\/cms\/konditorei-2\/#primaryimage","url":"https:\/\/www.baeckerei-gantner.ch\/cms\/wp-content\/uploads\/2025\/02\/hausgemachtes-Butterkonfekt-scaled.jpg","contentUrl":"https:\/\/www.baeckerei-gantner.ch\/cms\/wp-content\/uploads\/2025\/02\/hausgemachtes-Butterkonfekt-scaled.jpg","width":2560,"height":1746,"caption":"Hausgemachtes Butterkonfekt"},{"@type":"BreadcrumbList","@id":"https:\/\/www.baeckerei-gantner.ch\/cms\/konditorei-2\/#breadcrumb","itemListElement":[{"@type":"ListItem","position":1,"name":"Startseite","item":"https:\/\/www.baeckerei-gantner.ch\/cms\/"},{"@type":"ListItem","position":2,"name":"Konditorei"}]},{"@type":"WebSite","@id":"https:\/\/www.baeckerei-gantner.ch\/cms\/#website","url":"https:\/\/www.baeckerei-gantner.ch\/cms\/","name":"B\u00e4ckerei Gantner","description":"Der beste Beck am linken Seeufer","potentialAction":[{"@type":"SearchAction","target":{"@type":"EntryPoint","urlTemplate":"https:\/\/www.baeckerei-gantner.ch\/cms\/?s={search_term_string}"},"query-input":{"@type":"PropertyValueSpecification","valueRequired":true,"valueName":"search_term_string"}}],"inLanguage":"de-CH"}]}},"_links":{"self":[{"href":"https:\/\/www.baeckerei-gantner.ch\/cms\/wp-json\/wp\/v2\/pages\/1322","targetHints":{"allow":["GET"]}}],"collection":[{"href":"https:\/\/www.baeckerei-gantner.ch\/cms\/wp-json\/wp\/v2\/pages"}],"about":[{"href":"https:\/\/www.baeckerei-gantner.ch\/cms\/wp-json\/wp\/v2\/types\/page"}],"author":[{"embeddable":true,"href":"https:\/\/www.baeckerei-gantner.ch\/cms\/wp-json\/wp\/v2\/users\/1"}],"replies":[{"embeddable":true,"href":"https:\/\/www.baeckerei-gantner.ch\/cms\/wp-json\/wp\/v2\/comments?post=1322"}],"version-history":[{"count":5,"href":"https:\/\/www.baeckerei-gantner.ch\/cms\/wp-json\/wp\/v2\/pages\/1322\/revisions"}],"predecessor-version":[{"id":1525,"href":"https:\/\/www.baeckerei-gantner.ch\/cms\/wp-json\/wp\/v2\/pages\/1322\/revisions\/1525"}],"wp:featuredmedia":[{"embeddable":true,"href":"https:\/\/www.baeckerei-gantner.ch\/cms\/wp-json\/wp\/v2\/media\/1517"}],"wp:attachment":[{"href":"https:\/\/www.baeckerei-gantner.ch\/cms\/wp-json\/wp\/v2\/media?parent=1322"}],"curies":[{"name":"wp","href":"https:\/\/api.w.org\/{rel}","templated":true}]}}