{"id":1332,"date":"2023-10-03T11:36:02","date_gmt":"2023-10-03T09:36:02","guid":{"rendered":"https:\/\/www.baeckerei-gantner.ch\/cms\/?page_id=1332"},"modified":"2025-02-10T12:50:48","modified_gmt":"2025-02-10T11:50:48","slug":"confiserie-2","status":"publish","type":"page","link":"https:\/\/www.baeckerei-gantner.ch\/cms\/confiserie-2\/","title":{"rendered":"Confiserie"},"content":{"rendered":"\t\t<div data-elementor-type=\"wp-page\" data-elementor-id=\"1332\" class=\"elementor elementor-1332\">\n\t\t\t\t\t\t<section class=\"elementor-section elementor-top-section elementor-element elementor-element-12f9c0b elementor-section-boxed elementor-section-height-default elementor-section-height-default\" data-id=\"12f9c0b\" data-element_type=\"section\">\n\t\t\t\t\t\t<div class=\"elementor-container elementor-column-gap-default\">\n\t\t\t\t\t<div class=\"elementor-column elementor-col-100 elementor-top-column elementor-element elementor-element-b866971\" data-id=\"b866971\" data-element_type=\"column\">\n\t\t\t<div class=\"elementor-widget-wrap elementor-element-populated\">\n\t\t\t\t\t\t<div class=\"elementor-element elementor-element-1789692 elementor-widget elementor-widget-heading\" data-id=\"1789692\" data-element_type=\"widget\" data-widget_type=\"heading.default\">\n\t\t\t\t<div class=\"elementor-widget-container\">\n\t\t\t\t\t<h4 class=\"elementor-heading-title elementor-size-default\">B\u00c4CKEREI GANTNER'S<\/h4>\t\t\t\t<\/div>\n\t\t\t\t<\/div>\n\t\t\t\t<div class=\"elementor-element elementor-element-678ade6 elementor-widget elementor-widget-heading\" data-id=\"678ade6\" data-element_type=\"widget\" data-widget_type=\"heading.default\">\n\t\t\t\t<div class=\"elementor-widget-container\">\n\t\t\t\t\t<h1 class=\"elementor-heading-title elementor-size-xxl\">Confiserie<\/h1>\t\t\t\t<\/div>\n\t\t\t\t<\/div>\n\t\t\t\t<div class=\"elementor-element elementor-element-95cdfe3 elementor-widget elementor-widget-heading\" data-id=\"95cdfe3\" data-element_type=\"widget\" data-widget_type=\"heading.default\">\n\t\t\t\t<div class=\"elementor-widget-container\">\n\t\t\t\t\t<h5 class=\"elementor-heading-title elementor-size-default\">\n\nEine Kollektion aus ausgew\u00e4hlten Schokoladen Produkten aus Weisser-, Milch- und Schwarzerschokolade.<\/h5>\t\t\t\t<\/div>\n\t\t\t\t<\/div>\n\t\t\t\t<div class=\"elementor-element elementor-element-7d83239 elementor-widget elementor-widget-spacer\" data-id=\"7d83239\" data-element_type=\"widget\" data-widget_type=\"spacer.default\">\n\t\t\t\t<div class=\"elementor-widget-container\">\n\t\t\t\t\t\t\t<div class=\"elementor-spacer\">\n\t\t\t<div class=\"elementor-spacer-inner\"><\/div>\n\t\t<\/div>\n\t\t\t\t\t\t<\/div>\n\t\t\t\t<\/div>\n\t\t\t\t<div class=\"elementor-element elementor-element-dc196a4 elementor-tabs-view-vertical elementor-widget elementor-widget-tabs\" data-id=\"dc196a4\" data-element_type=\"widget\" data-widget_type=\"tabs.default\">\n\t\t\t\t<div class=\"elementor-widget-container\">\n\t\t\t\t\t\t\t<div class=\"elementor-tabs\">\n\t\t\t<div class=\"elementor-tabs-wrapper\" role=\"tablist\" >\n\t\t\t\t\t\t\t\t\t<div id=\"elementor-tab-title-2301\" class=\"elementor-tab-title elementor-tab-desktop-title\" aria-selected=\"true\" data-tab=\"1\" role=\"tab\" tabindex=\"0\" aria-controls=\"elementor-tab-content-2301\" aria-expanded=\"false\">Schokoladenfigur<\/div>\n\t\t\t\t\t\t\t\t\t<div id=\"elementor-tab-title-2302\" class=\"elementor-tab-title elementor-tab-desktop-title\" aria-selected=\"false\" data-tab=\"2\" role=\"tab\" tabindex=\"-1\" aria-controls=\"elementor-tab-content-2302\" aria-expanded=\"false\">Pralinen<\/div>\n\t\t\t\t\t\t\t\t\t<div id=\"elementor-tab-title-2303\" class=\"elementor-tab-title elementor-tab-desktop-title\" aria-selected=\"false\" data-tab=\"3\" role=\"tab\" tabindex=\"-1\" aria-controls=\"elementor-tab-content-2303\" aria-expanded=\"false\">Bettm\u00fcpfli<\/div>\n\t\t\t\t\t\t\t<\/div>\n\t\t\t<div class=\"elementor-tabs-content-wrapper\" role=\"tablist\" aria-orientation=\"vertical\">\n\t\t\t\t\t\t\t\t\t<div class=\"elementor-tab-title elementor-tab-mobile-title\" aria-selected=\"true\" data-tab=\"1\" role=\"tab\" tabindex=\"0\" aria-controls=\"elementor-tab-content-2301\" aria-expanded=\"false\">Schokoladenfigur<\/div>\n\t\t\t\t\t<div id=\"elementor-tab-content-2301\" class=\"elementor-tab-content elementor-clearfix\" data-tab=\"1\" role=\"tabpanel\" aria-labelledby=\"elementor-tab-title-2301\" tabindex=\"0\" hidden=\"false\"><table>\n<tbody>\n<tr style=\"border: none;\">\n<td><img fetchpriority=\"high\" decoding=\"async\" class=\"alignnone size-medium wp-image-742\" src=\"https:\/\/www.baeckerei-gantner.ch\/cms\/wp-content\/uploads\/2023\/10\/schoko_schneeschuh_v_1_00-208x300.jpg\" alt=\"\" width=\"208\" height=\"300\" srcset=\"https:\/\/www.baeckerei-gantner.ch\/cms\/wp-content\/uploads\/2023\/10\/schoko_schneeschuh_v_1_00-208x300.jpg 208w, https:\/\/www.baeckerei-gantner.ch\/cms\/wp-content\/uploads\/2023\/10\/schoko_schneeschuh_v_1_00-712x1024.jpg 712w, https:\/\/www.baeckerei-gantner.ch\/cms\/wp-content\/uploads\/2023\/10\/schoko_schneeschuh_v_1_00-768x1105.jpg 768w, https:\/\/www.baeckerei-gantner.ch\/cms\/wp-content\/uploads\/2023\/10\/schoko_schneeschuh_v_1_00-1067x1536.jpg 1067w, https:\/\/www.baeckerei-gantner.ch\/cms\/wp-content\/uploads\/2023\/10\/schoko_schneeschuh_v_1_00-1423x2048.jpg 1423w, https:\/\/www.baeckerei-gantner.ch\/cms\/wp-content\/uploads\/2023\/10\/schoko_schneeschuh_v_1_00-600x863.jpg 600w, https:\/\/www.baeckerei-gantner.ch\/cms\/wp-content\/uploads\/2023\/10\/schoko_schneeschuh_v_1_00-1200x1727.jpg 1200w, https:\/\/www.baeckerei-gantner.ch\/cms\/wp-content\/uploads\/2023\/10\/schoko_schneeschuh_v_1_00.jpg 1774w\" sizes=\"(max-width: 208px) 100vw, 208px\" \/><\/td>\n<td><img decoding=\"async\" class=\"alignnone size-medium wp-image-742\" src=\"https:\/\/www.baeckerei-gantner.ch\/cms\/wp-content\/uploads\/2023\/10\/kirche_schokolade_v_1_01-scaled.jpg\" alt=\"\" width=\"208\" height=\"300\" \/><\/td>\n<td><img decoding=\"async\" class=\"alignnone size-medium wp-image-742\" src=\"https:\/\/www.baeckerei-gantner.ch\/cms\/wp-content\/uploads\/2023\/10\/Schiffscontainer-aus-Schokolade.jpg\" alt=\"\" width=\"208\" height=\"300\" \/><\/td>\n<\/tr>\n<tr style=\"border: none;\">\n<td>Schoko Schneeschuh<\/td>\n<td>Kirche aus Schokolade<\/td>\n<td>Schiffcontainer aus Schokolade<\/td>\n<\/tr>\n<\/tbody>\n<\/table><\/div>\n\t\t\t\t\t\t\t\t\t<div class=\"elementor-tab-title elementor-tab-mobile-title\" aria-selected=\"false\" data-tab=\"2\" role=\"tab\" tabindex=\"-1\" aria-controls=\"elementor-tab-content-2302\" aria-expanded=\"false\">Pralinen<\/div>\n\t\t\t\t\t<div id=\"elementor-tab-content-2302\" class=\"elementor-tab-content elementor-clearfix\" data-tab=\"2\" role=\"tabpanel\" aria-labelledby=\"elementor-tab-title-2302\" tabindex=\"0\" hidden=\"hidden\"><table>\n<tbody>\n<tr style=\"border: none;\">\n<td><img loading=\"lazy\" decoding=\"async\" class=\"alignnone size-medium wp-image-742\" src=\"https:\/\/www.baeckerei-gantner.ch\/cms\/wp-content\/uploads\/2023\/10\/traubenblatt_v_1_00-scaled.jpg\" alt=\"\" width=\"208\" height=\"300\" \/><\/td>\n<td><img loading=\"lazy\" decoding=\"async\" class=\"alignnone size-medium wp-image-742\" src=\"https:\/\/www.baeckerei-gantner.ch\/cms\/wp-content\/uploads\/2023\/10\/schokostern_pralinen_v_1_00.jpg\" alt=\"\" width=\"208\" height=\"300\" \/><\/td>\n<td><img loading=\"lazy\" decoding=\"async\" class=\"alignnone size-medium wp-image-742\" src=\"https:\/\/www.baeckerei-gantner.ch\/cms\/wp-content\/uploads\/2023\/10\/Ostereier-mit-Pralines.jpg\" alt=\"\" width=\"208\" height=\"300\" \/><\/td>\n<\/tr>\n<tr style=\"border: none;\">\n<td>Traubenblatt<\/td>\n<td>Schokostren mit Pralines<\/td>\n<td>SOsterier mit Pralines<\/td>\n<\/tr>\n<\/tbody>\n<\/table><\/div>\n\t\t\t\t\t\t\t\t\t<div class=\"elementor-tab-title elementor-tab-mobile-title\" aria-selected=\"false\" data-tab=\"3\" role=\"tab\" tabindex=\"-1\" aria-controls=\"elementor-tab-content-2303\" aria-expanded=\"false\">Bettm\u00fcpfli<\/div>\n\t\t\t\t\t<div id=\"elementor-tab-content-2303\" class=\"elementor-tab-content elementor-clearfix\" data-tab=\"3\" role=\"tabpanel\" aria-labelledby=\"elementor-tab-title-2303\" tabindex=\"0\" hidden=\"hidden\"><table style=\"height: 164px;\" width=\"241\">\n<tbody>\n<tr style=\"border: none;\">\n<td><img loading=\"lazy\" decoding=\"async\" class=\"alignnone size-medium wp-image-742\" src=\"https:\/\/www.baeckerei-gantner.ch\/cms\/wp-content\/uploads\/2023\/10\/maikaefer_v_1_00.jpg\" alt=\"\" width=\"300\" height=\"300\" \/><\/td>\n<td><img loading=\"lazy\" decoding=\"async\" class=\"alignnone size-medium wp-image-742\" src=\"https:\/\/www.baeckerei-gantner.ch\/cms\/wp-content\/uploads\/2023\/10\/erdbeer_truffes_v_1_00.jpg\" alt=\"\" width=\"300\" height=\"300\" \/><\/td>\n<\/tr>\n<tr style=\"border: none;\">\n<td>Maik\u00e4fer<\/td>\n<td>Erdbeer Truffes<\/td>\n<\/tr>\n<\/tbody>\n<\/table><\/div>\n\t\t\t\t\t\t\t<\/div>\n\t\t<\/div>\n\t\t\t\t\t\t<\/div>\n\t\t\t\t<\/div>\n\t\t\t\t<div class=\"elementor-element elementor-element-feb10c5 elementor-align-center elementor-widget elementor-widget-button\" data-id=\"feb10c5\" data-element_type=\"widget\" data-widget_type=\"button.default\">\n\t\t\t\t<div class=\"elementor-widget-container\">\n\t\t\t\t\t\t\t\t\t<div class=\"elementor-button-wrapper\">\n\t\t\t\t\t<a class=\"elementor-button elementor-button-link elementor-size-sm\" href=\"https:\/\/www.baeckerei-gantner.ch\/cms\/kontakt-2\/\">\n\t\t\t\t\t\t<span class=\"elementor-button-content-wrapper\">\n\t\t\t\t\t\t\t\t\t<span class=\"elementor-button-text\">Bestellung aufgeben<\/span>\n\t\t\t\t\t<\/span>\n\t\t\t\t\t<\/a>\n\t\t\t\t<\/div>\n\t\t\t\t\t\t\t\t<\/div>\n\t\t\t\t<\/div>\n\t\t\t\t<div class=\"elementor-element elementor-element-57d8f39 elementor-widget elementor-widget-spacer\" data-id=\"57d8f39\" data-element_type=\"widget\" data-widget_type=\"spacer.default\">\n\t\t\t\t<div class=\"elementor-widget-container\">\n\t\t\t\t\t\t\t<div class=\"elementor-spacer\">\n\t\t\t<div class=\"elementor-spacer-inner\"><\/div>\n\t\t<\/div>\n\t\t\t\t\t\t<\/div>\n\t\t\t\t<\/div>\n\t\t\t\t<div class=\"elementor-element elementor-element-930e6a2 elementor-widget elementor-widget-heading\" data-id=\"930e6a2\" data-element_type=\"widget\" data-widget_type=\"heading.default\">\n\t\t\t\t<div class=\"elementor-widget-container\">\n\t\t\t\t\t<h2 class=\"elementor-heading-title elementor-size-default\">Galerie<\/h2>\t\t\t\t<\/div>\n\t\t\t\t<\/div>\n\t\t\t\t<div class=\"elementor-element elementor-element-ba36548 elementor-widget elementor-widget-image-gallery\" data-id=\"ba36548\" data-element_type=\"widget\" data-widget_type=\"image-gallery.default\">\n\t\t\t\t<div class=\"elementor-widget-container\">\n\t\t\t\t\t\t\t<div class=\"elementor-image-gallery\">\n\t\t\t<div id='gallery-1' class='gallery galleryid-1332 gallery-columns-3 gallery-size-full'><figure class='gallery-item'>\n\t\t\t<div class='gallery-icon landscape'>\n\t\t\t\t<a data-elementor-open-lightbox=\"yes\" data-elementor-lightbox-slideshow=\"ba36548\" data-elementor-lightbox-title=\"auto_schokolade_v_1_01\" data-e-action-hash=\"#elementor-action%3Aaction%3Dlightbox%26settings%3DeyJpZCI6NzY2LCJ1cmwiOiJodHRwczpcL1wvd3d3LmJhZWNrZXJlaS1nYW50bmVyLmNoXC9jbXNcL3dwLWNvbnRlbnRcL3VwbG9hZHNcLzIwMjNcLzEwXC9hdXRvX3NjaG9rb2xhZGVfdl8xXzAxLXNjYWxlZC1lMTcwMzE2MzA5MDk2NC5qcGciLCJzbGlkZXNob3ciOiJiYTM2NTQ4In0%3D\" href='https:\/\/www.baeckerei-gantner.ch\/cms\/wp-content\/uploads\/2023\/10\/auto_schokolade_v_1_01-scaled-e1703163090964.jpg'><img loading=\"lazy\" decoding=\"async\" width=\"450\" height=\"300\" src=\"https:\/\/www.baeckerei-gantner.ch\/cms\/wp-content\/uploads\/2023\/10\/auto_schokolade_v_1_01-scaled-e1703163090964.jpg\" class=\"attachment-full size-full\" alt=\"\" sizes=\"100vw\" \/><\/a>\n\t\t\t<\/div><\/figure><figure class='gallery-item'>\n\t\t\t<div class='gallery-icon landscape'>\n\t\t\t\t<a data-elementor-open-lightbox=\"yes\" data-elementor-lightbox-slideshow=\"ba36548\" data-elementor-lightbox-title=\"werkzeuge_schokolade_v_1_01\" data-e-action-hash=\"#elementor-action%3Aaction%3Dlightbox%26settings%3DeyJpZCI6NzY3LCJ1cmwiOiJodHRwczpcL1wvd3d3LmJhZWNrZXJlaS1nYW50bmVyLmNoXC9jbXNcL3dwLWNvbnRlbnRcL3VwbG9hZHNcLzIwMjNcLzEwXC93ZXJremV1Z2Vfc2Nob2tvbGFkZV92XzFfMDEtc2NhbGVkLWUxNzAzMTYzMDc2MzQxLmpwZyIsInNsaWRlc2hvdyI6ImJhMzY1NDgifQ%3D%3D\" href='https:\/\/www.baeckerei-gantner.ch\/cms\/wp-content\/uploads\/2023\/10\/werkzeuge_schokolade_v_1_01-scaled-e1703163076341.jpg'><img loading=\"lazy\" decoding=\"async\" width=\"309\" height=\"300\" src=\"https:\/\/www.baeckerei-gantner.ch\/cms\/wp-content\/uploads\/2023\/10\/werkzeuge_schokolade_v_1_01-scaled-e1703163076341.jpg\" class=\"attachment-full size-full\" alt=\"\" sizes=\"100vw\" \/><\/a>\n\t\t\t<\/div><\/figure><figure class='gallery-item'>\n\t\t\t<div class='gallery-icon landscape'>\n\t\t\t\t<a data-elementor-open-lightbox=\"yes\" data-elementor-lightbox-slideshow=\"ba36548\" data-elementor-lightbox-title=\"waedenswiler_bierchruegli_v_1_00\" data-e-action-hash=\"#elementor-action%3Aaction%3Dlightbox%26settings%3DeyJpZCI6NzY5LCJ1cmwiOiJodHRwczpcL1wvd3d3LmJhZWNrZXJlaS1nYW50bmVyLmNoXC9jbXNcL3dwLWNvbnRlbnRcL3VwbG9hZHNcLzIwMjNcLzEwXC93YWVkZW5zd2lsZXJfYmllcmNocnVlZ2xpX3ZfMV8wMC1zY2FsZWQtZTE3MDMxNjMwNDI0NDguanBnIiwic2xpZGVzaG93IjoiYmEzNjU0OCJ9\" href='https:\/\/www.baeckerei-gantner.ch\/cms\/wp-content\/uploads\/2023\/10\/waedenswiler_bierchruegli_v_1_00-scaled-e1703163042448.jpg'><img loading=\"lazy\" decoding=\"async\" width=\"450\" height=\"300\" src=\"https:\/\/www.baeckerei-gantner.ch\/cms\/wp-content\/uploads\/2023\/10\/waedenswiler_bierchruegli_v_1_00-scaled-e1703163042448.jpg\" class=\"attachment-full size-full\" alt=\"\" sizes=\"100vw\" \/><\/a>\n\t\t\t<\/div><\/figure><figure class='gallery-item'>\n\t\t\t<div class='gallery-icon landscape'>\n\t\t\t\t<a data-elementor-open-lightbox=\"yes\" data-elementor-lightbox-slideshow=\"ba36548\" data-elementor-lightbox-title=\"toeff_schokolade_v_1_00-1\" data-e-action-hash=\"#elementor-action%3Aaction%3Dlightbox%26settings%3DeyJpZCI6NzY4LCJ1cmwiOiJodHRwczpcL1wvd3d3LmJhZWNrZXJlaS1nYW50bmVyLmNoXC9jbXNcL3dwLWNvbnRlbnRcL3VwbG9hZHNcLzIwMjNcLzEwXC90b2VmZl9zY2hva29sYWRlX3ZfMV8wMC0xLXNjYWxlZC1lMTcwMzE2MzA2MTkzOS5qcGciLCJzbGlkZXNob3ciOiJiYTM2NTQ4In0%3D\" href='https:\/\/www.baeckerei-gantner.ch\/cms\/wp-content\/uploads\/2023\/10\/toeff_schokolade_v_1_00-1-scaled-e1703163061939.jpg'><img loading=\"lazy\" decoding=\"async\" width=\"386\" height=\"300\" src=\"https:\/\/www.baeckerei-gantner.ch\/cms\/wp-content\/uploads\/2023\/10\/toeff_schokolade_v_1_00-1-scaled-e1703163061939.jpg\" class=\"attachment-full size-full\" alt=\"\" sizes=\"100vw\" \/><\/a>\n\t\t\t<\/div><\/figure><figure class='gallery-item'>\n\t\t\t<div class='gallery-icon portrait'>\n\t\t\t\t<a data-elementor-open-lightbox=\"yes\" data-elementor-lightbox-slideshow=\"ba36548\" data-elementor-lightbox-title=\"kueche_schokolade_v_1_00\" data-e-action-hash=\"#elementor-action%3Aaction%3Dlightbox%26settings%3DeyJpZCI6NzcxLCJ1cmwiOiJodHRwczpcL1wvd3d3LmJhZWNrZXJlaS1nYW50bmVyLmNoXC9jbXNcL3dwLWNvbnRlbnRcL3VwbG9hZHNcLzIwMjNcLzEwXC9rdWVjaGVfc2Nob2tvbGFkZV92XzFfMDAuanBnIiwic2xpZGVzaG93IjoiYmEzNjU0OCJ9\" href='https:\/\/www.baeckerei-gantner.ch\/cms\/wp-content\/uploads\/2023\/10\/kueche_schokolade_v_1_00.jpg'><img loading=\"lazy\" decoding=\"async\" width=\"299\" height=\"320\" src=\"https:\/\/www.baeckerei-gantner.ch\/cms\/wp-content\/uploads\/2023\/10\/kueche_schokolade_v_1_00.jpg\" class=\"attachment-full size-full\" alt=\"\" srcset=\"https:\/\/www.baeckerei-gantner.ch\/cms\/wp-content\/uploads\/2023\/10\/kueche_schokolade_v_1_00.jpg 299w, https:\/\/www.baeckerei-gantner.ch\/cms\/wp-content\/uploads\/2023\/10\/kueche_schokolade_v_1_00-280x300.jpg 280w\" sizes=\"100vw\" \/><\/a>\n\t\t\t<\/div><\/figure><figure class='gallery-item'>\n\t\t\t<div class='gallery-icon landscape'>\n\t\t\t\t<a data-elementor-open-lightbox=\"yes\" data-elementor-lightbox-slideshow=\"ba36548\" data-elementor-lightbox-title=\"postauto_schokolade_v_1_01\" data-e-action-hash=\"#elementor-action%3Aaction%3Dlightbox%26settings%3DeyJpZCI6NzcyLCJ1cmwiOiJodHRwczpcL1wvd3d3LmJhZWNrZXJlaS1nYW50bmVyLmNoXC9jbXNcL3dwLWNvbnRlbnRcL3VwbG9hZHNcLzIwMjNcLzEwXC9wb3N0YXV0b19zY2hva29sYWRlX3ZfMV8wMS1zY2FsZWQtZTE3MDMxNjMwMDQ5MzAuanBnIiwic2xpZGVzaG93IjoiYmEzNjU0OCJ9\" href='https:\/\/www.baeckerei-gantner.ch\/cms\/wp-content\/uploads\/2023\/10\/postauto_schokolade_v_1_01-scaled-e1703163004930.jpg'><img loading=\"lazy\" decoding=\"async\" width=\"418\" height=\"300\" src=\"https:\/\/www.baeckerei-gantner.ch\/cms\/wp-content\/uploads\/2023\/10\/postauto_schokolade_v_1_01-scaled-e1703163004930.jpg\" class=\"attachment-full size-full\" alt=\"\" sizes=\"100vw\" \/><\/a>\n\t\t\t<\/div><\/figure>\n\t\t<\/div>\n\t\t<\/div>\n\t\t\t\t\t\t<\/div>\n\t\t\t\t<\/div>\n\t\t\t\t\t<\/div>\n\t\t<\/div>\n\t\t\t\t\t<\/div>\n\t\t<\/section>\n\t\t\t\t<\/div>\n\t\t","protected":false},"excerpt":{"rendered":"<p>B\u00c4CKEREI GANTNER&#8217;S Confiserie Eine Kollektion aus ausgew\u00e4hlten Schokoladen Produkten aus Weisser-, Milch- und Schwarzerschokolade. Schokoladenfigur Pralinen Bettm\u00fcpfli Schokoladenfigur Schoko Schneeschuh Kirche aus Schokolade Schiffcontainer aus Schokolade Pralinen Traubenblatt Schokostren mit Pralines SOsterier mit Pralines Bettm\u00fcpfli Maik\u00e4fer Erdbeer Truffes Bestellung aufgeben Galerie<\/p>\n","protected":false},"author":1,"featured_media":0,"parent":0,"menu_order":0,"comment_status":"closed","ping_status":"closed","template":"","meta":{"_themeisle_gutenberg_block_has_review":false,"footnotes":""},"class_list":["post-1332","page","type-page","status-publish","hentry"],"yoast_head":"<!-- This site is optimized with the Yoast SEO plugin v24.1 - https:\/\/yoast.com\/wordpress\/plugins\/seo\/ -->\n<title>Confiserie - B\u00e4ckerei Gantner<\/title>\n<meta name=\"robots\" content=\"index, follow, max-snippet:-1, max-image-preview:large, max-video-preview:-1\" \/>\n<link rel=\"canonical\" href=\"https:\/\/www.baeckerei-gantner.ch\/cms\/confiserie-2\/\" \/>\n<meta property=\"og:locale\" content=\"de_DE\" \/>\n<meta property=\"og:type\" content=\"article\" \/>\n<meta property=\"og:title\" content=\"Confiserie - B\u00e4ckerei Gantner\" \/>\n<meta property=\"og:description\" content=\"B\u00c4CKEREI GANTNER&#8217;S Confiserie Eine Kollektion aus ausgew\u00e4hlten Schokoladen Produkten aus Weisser-, Milch- und Schwarzerschokolade. Schokoladenfigur Pralinen Bettm\u00fcpfli Schokoladenfigur Schoko Schneeschuh Kirche aus Schokolade Schiffcontainer aus Schokolade Pralinen Traubenblatt Schokostren mit Pralines SOsterier mit Pralines Bettm\u00fcpfli Maik\u00e4fer Erdbeer Truffes Bestellung aufgeben Galerie\" \/>\n<meta property=\"og:url\" content=\"https:\/\/www.baeckerei-gantner.ch\/cms\/confiserie-2\/\" \/>\n<meta property=\"og:site_name\" content=\"B\u00e4ckerei Gantner\" \/>\n<meta property=\"article:modified_time\" content=\"2025-02-10T11:50:48+00:00\" \/>\n<meta property=\"og:image\" content=\"https:\/\/www.baeckerei-gantner.ch\/cms\/wp-content\/uploads\/2023\/10\/schoko_schneeschuh_v_1_00-208x300.jpg\" \/>\n<meta name=\"twitter:card\" content=\"summary_large_image\" \/>\n<meta name=\"twitter:label1\" content=\"Gesch\u00e4tzte Lesezeit\" \/>\n\t<meta name=\"twitter:data1\" content=\"4\u00a0Minuten\" \/>\n<script type=\"application\/ld+json\" class=\"yoast-schema-graph\">{\"@context\":\"https:\/\/schema.org\",\"@graph\":[{\"@type\":\"WebPage\",\"@id\":\"https:\/\/www.baeckerei-gantner.ch\/cms\/confiserie-2\/\",\"url\":\"https:\/\/www.baeckerei-gantner.ch\/cms\/confiserie-2\/\",\"name\":\"Confiserie - B\u00e4ckerei Gantner\",\"isPartOf\":{\"@id\":\"https:\/\/www.baeckerei-gantner.ch\/cms\/#website\"},\"primaryImageOfPage\":{\"@id\":\"https:\/\/www.baeckerei-gantner.ch\/cms\/confiserie-2\/#primaryimage\"},\"image\":{\"@id\":\"https:\/\/www.baeckerei-gantner.ch\/cms\/confiserie-2\/#primaryimage\"},\"thumbnailUrl\":\"https:\/\/www.baeckerei-gantner.ch\/cms\/wp-content\/uploads\/2023\/10\/schoko_schneeschuh_v_1_00-208x300.jpg\",\"datePublished\":\"2023-10-03T09:36:02+00:00\",\"dateModified\":\"2025-02-10T11:50:48+00:00\",\"breadcrumb\":{\"@id\":\"https:\/\/www.baeckerei-gantner.ch\/cms\/confiserie-2\/#breadcrumb\"},\"inLanguage\":\"de-CH\",\"potentialAction\":[{\"@type\":\"ReadAction\",\"target\":[\"https:\/\/www.baeckerei-gantner.ch\/cms\/confiserie-2\/\"]}]},{\"@type\":\"ImageObject\",\"inLanguage\":\"de-CH\",\"@id\":\"https:\/\/www.baeckerei-gantner.ch\/cms\/confiserie-2\/#primaryimage\",\"url\":\"https:\/\/www.baeckerei-gantner.ch\/cms\/wp-content\/uploads\/2023\/10\/schoko_schneeschuh_v_1_00.jpg\",\"contentUrl\":\"https:\/\/www.baeckerei-gantner.ch\/cms\/wp-content\/uploads\/2023\/10\/schoko_schneeschuh_v_1_00.jpg\",\"width\":1774,\"height\":2553},{\"@type\":\"BreadcrumbList\",\"@id\":\"https:\/\/www.baeckerei-gantner.ch\/cms\/confiserie-2\/#breadcrumb\",\"itemListElement\":[{\"@type\":\"ListItem\",\"position\":1,\"name\":\"Startseite\",\"item\":\"https:\/\/www.baeckerei-gantner.ch\/cms\/\"},{\"@type\":\"ListItem\",\"position\":2,\"name\":\"Confiserie\"}]},{\"@type\":\"WebSite\",\"@id\":\"https:\/\/www.baeckerei-gantner.ch\/cms\/#website\",\"url\":\"https:\/\/www.baeckerei-gantner.ch\/cms\/\",\"name\":\"B\u00e4ckerei Gantner\",\"description\":\"Der beste Beck am linken Seeufer\",\"potentialAction\":[{\"@type\":\"SearchAction\",\"target\":{\"@type\":\"EntryPoint\",\"urlTemplate\":\"https:\/\/www.baeckerei-gantner.ch\/cms\/?s={search_term_string}\"},\"query-input\":{\"@type\":\"PropertyValueSpecification\",\"valueRequired\":true,\"valueName\":\"search_term_string\"}}],\"inLanguage\":\"de-CH\"}]}<\/script>\n<!-- \/ Yoast SEO plugin. -->","yoast_head_json":{"title":"Confiserie - B\u00e4ckerei Gantner","robots":{"index":"index","follow":"follow","max-snippet":"max-snippet:-1","max-image-preview":"max-image-preview:large","max-video-preview":"max-video-preview:-1"},"canonical":"https:\/\/www.baeckerei-gantner.ch\/cms\/confiserie-2\/","og_locale":"de_DE","og_type":"article","og_title":"Confiserie - B\u00e4ckerei Gantner","og_description":"B\u00c4CKEREI GANTNER&#8217;S Confiserie Eine Kollektion aus ausgew\u00e4hlten Schokoladen Produkten aus Weisser-, Milch- und Schwarzerschokolade. Schokoladenfigur Pralinen Bettm\u00fcpfli Schokoladenfigur Schoko Schneeschuh Kirche aus Schokolade Schiffcontainer aus Schokolade Pralinen Traubenblatt Schokostren mit Pralines SOsterier mit Pralines Bettm\u00fcpfli Maik\u00e4fer Erdbeer Truffes Bestellung aufgeben Galerie","og_url":"https:\/\/www.baeckerei-gantner.ch\/cms\/confiserie-2\/","og_site_name":"B\u00e4ckerei Gantner","article_modified_time":"2025-02-10T11:50:48+00:00","og_image":[{"url":"https:\/\/www.baeckerei-gantner.ch\/cms\/wp-content\/uploads\/2023\/10\/schoko_schneeschuh_v_1_00-208x300.jpg","type":"","width":"","height":""}],"twitter_card":"summary_large_image","twitter_misc":{"Gesch\u00e4tzte Lesezeit":"4\u00a0Minuten"},"schema":{"@context":"https:\/\/schema.org","@graph":[{"@type":"WebPage","@id":"https:\/\/www.baeckerei-gantner.ch\/cms\/confiserie-2\/","url":"https:\/\/www.baeckerei-gantner.ch\/cms\/confiserie-2\/","name":"Confiserie - B\u00e4ckerei Gantner","isPartOf":{"@id":"https:\/\/www.baeckerei-gantner.ch\/cms\/#website"},"primaryImageOfPage":{"@id":"https:\/\/www.baeckerei-gantner.ch\/cms\/confiserie-2\/#primaryimage"},"image":{"@id":"https:\/\/www.baeckerei-gantner.ch\/cms\/confiserie-2\/#primaryimage"},"thumbnailUrl":"https:\/\/www.baeckerei-gantner.ch\/cms\/wp-content\/uploads\/2023\/10\/schoko_schneeschuh_v_1_00-208x300.jpg","datePublished":"2023-10-03T09:36:02+00:00","dateModified":"2025-02-10T11:50:48+00:00","breadcrumb":{"@id":"https:\/\/www.baeckerei-gantner.ch\/cms\/confiserie-2\/#breadcrumb"},"inLanguage":"de-CH","potentialAction":[{"@type":"ReadAction","target":["https:\/\/www.baeckerei-gantner.ch\/cms\/confiserie-2\/"]}]},{"@type":"ImageObject","inLanguage":"de-CH","@id":"https:\/\/www.baeckerei-gantner.ch\/cms\/confiserie-2\/#primaryimage","url":"https:\/\/www.baeckerei-gantner.ch\/cms\/wp-content\/uploads\/2023\/10\/schoko_schneeschuh_v_1_00.jpg","contentUrl":"https:\/\/www.baeckerei-gantner.ch\/cms\/wp-content\/uploads\/2023\/10\/schoko_schneeschuh_v_1_00.jpg","width":1774,"height":2553},{"@type":"BreadcrumbList","@id":"https:\/\/www.baeckerei-gantner.ch\/cms\/confiserie-2\/#breadcrumb","itemListElement":[{"@type":"ListItem","position":1,"name":"Startseite","item":"https:\/\/www.baeckerei-gantner.ch\/cms\/"},{"@type":"ListItem","position":2,"name":"Confiserie"}]},{"@type":"WebSite","@id":"https:\/\/www.baeckerei-gantner.ch\/cms\/#website","url":"https:\/\/www.baeckerei-gantner.ch\/cms\/","name":"B\u00e4ckerei Gantner","description":"Der beste Beck am linken Seeufer","potentialAction":[{"@type":"SearchAction","target":{"@type":"EntryPoint","urlTemplate":"https:\/\/www.baeckerei-gantner.ch\/cms\/?s={search_term_string}"},"query-input":{"@type":"PropertyValueSpecification","valueRequired":true,"valueName":"search_term_string"}}],"inLanguage":"de-CH"}]}},"_links":{"self":[{"href":"https:\/\/www.baeckerei-gantner.ch\/cms\/wp-json\/wp\/v2\/pages\/1332","targetHints":{"allow":["GET"]}}],"collection":[{"href":"https:\/\/www.baeckerei-gantner.ch\/cms\/wp-json\/wp\/v2\/pages"}],"about":[{"href":"https:\/\/www.baeckerei-gantner.ch\/cms\/wp-json\/wp\/v2\/types\/page"}],"author":[{"embeddable":true,"href":"https:\/\/www.baeckerei-gantner.ch\/cms\/wp-json\/wp\/v2\/users\/1"}],"replies":[{"embeddable":true,"href":"https:\/\/www.baeckerei-gantner.ch\/cms\/wp-json\/wp\/v2\/comments?post=1332"}],"version-history":[{"count":4,"href":"https:\/\/www.baeckerei-gantner.ch\/cms\/wp-json\/wp\/v2\/pages\/1332\/revisions"}],"predecessor-version":[{"id":1506,"href":"https:\/\/www.baeckerei-gantner.ch\/cms\/wp-json\/wp\/v2\/pages\/1332\/revisions\/1506"}],"wp:attachment":[{"href":"https:\/\/www.baeckerei-gantner.ch\/cms\/wp-json\/wp\/v2\/media?parent=1332"}],"curies":[{"name":"wp","href":"https:\/\/api.w.org\/{rel}","templated":true}]}}