{"id":1342,"date":"2023-10-02T10:51:16","date_gmt":"2023-10-02T08:51:16","guid":{"rendered":"https:\/\/www.baeckerei-gantner.ch\/cms\/?page_id=1342"},"modified":"2025-02-10T13:35:03","modified_gmt":"2025-02-10T12:35:03","slug":"apero-2","status":"publish","type":"page","link":"https:\/\/www.baeckerei-gantner.ch\/cms\/apero-2\/","title":{"rendered":"Ap\u00e9ro"},"content":{"rendered":"\n\n\n\n\n<h2 class=\"wp-block-heading wp-elements-9980a0707696b4bbe947906820d66806 is-layout-flow wp-block-column-is-layout-flow is-layout-flex wp-container-core-columns-is-layout-28f84493 wp-block-columns-is-layout-flex\"><strong>F\u00fcr jeden Anlass kann die B\u00e4ckerei Gantner den Ap\u00e9ro f\u00fcr Sie zur Verf\u00fcgung stellen<\/strong><\/h2>\n\n\n\n\n<p class=\"wp-elements-c9b36345dd59f09aa57993613dfeda6e\"><strong>Turm &#8220;Pain Surprise&#8221;<\/strong><\/p>\n\n\n<p class=\"wp-elements-c8dde1f5d046af1cfcbd00bae293634a\">Der Turm &#8220;Pain Surprise&#8221; kann f\u00fcr Sie pers\u00f6nlich mit Ihren Lieblingszutaten erstellt, oder als \u00dcberraschung, erstellt werden. Diese und viele andere Ap\u00e9roplatten stellen wir Ihnen auf der kommenden Seite vor. Ideal f\u00fcr den Verzehr in Gruppen.<\/p>\n\n\n\n\n<figure class=\"is-layout-flow wp-block-column-is-layout-flow\"><img decoding=\"async\" src=\"https:\/\/www.baeckerei-gantner.ch\/cms\/wp-content\/uploads\/2023\/10\/turm_pain_surprise_v_1_01-545x1024.jpg\" alt=\"\"\/><\/figure>\n\n\n\n\n\n\n\n\n<figure class=\"is-layout-flow wp-block-column-is-layout-flow is-layout-flex wp-container-core-columns-is-layout-28f84493 wp-block-columns-is-layout-flex\"><img decoding=\"async\" src=\"https:\/\/www.baeckerei-gantner.ch\/cms\/wp-content\/uploads\/2023\/10\/spezialbrot_laugenbroetchen_v_1_00.jpg\" alt=\"\" style=\"aspect-ratio:3\/2;object-fit:cover\"\/><\/figure>\n\n\n<p><strong>Laugenbr\u00f6tchen<\/strong><\/p>\n\n\n<p>Hervorragend mit K\u00e4se, Kr\u00e4uterquark oder einfach nur mit Butter, zum Lunch oder ausgiebigen Fr\u00fchst\u00fcck, Laugenbr\u00f6tchen d\u00fcrfen nie fehlen.<\/p>\n\n\n\n\n<figure class=\"is-layout-flow wp-block-column-is-layout-flow\"><img decoding=\"async\" src=\"https:\/\/www.baeckerei-gantner.ch\/cms\/wp-content\/uploads\/2023\/10\/ruchbrotkranz_gefuellt_v_1_00.jpg\" alt=\"\" style=\"aspect-ratio:3\/2;object-fit:cover\"\/><\/figure>\n\n\n<p><strong>Gef\u00fcllter Ruchbrotkranz<\/strong><\/p>\n\n\n<p>Mit Schinken, K\u00e4se, Salami oder Rohschinken, wir bereiten Ihren Ruchbrotkranz zu. Ideal als gesundes Mitbringsel auf Parties oder Firmenanl\u00e4ssen. <\/p>\n\n\n\n\n\n\n<figure class=\"is-layout-flow wp-block-column-is-layout-flow is-layout-flex wp-container-core-columns-is-layout-28f84493 wp-block-columns-is-layout-flex\"><img decoding=\"async\" src=\"https:\/\/www.baeckerei-gantner.ch\/cms\/wp-content\/uploads\/2023\/10\/canapes_v_1_00-1024x726.jpg\" alt=\"\" style=\"aspect-ratio:1.5;object-fit:cover;width:336px;height:auto\"\/><\/figure>\n\n\n<p><strong>Canapes <\/strong><\/p>\n\n\n<p>Apetith\u00e4ppchen, belegt f\u00fcr Vegetarier, Veganer und Fleischliebhaber. Garniert mit Gew\u00fcrzgurken, hard-gekochten Eiern, Petersilie, Gurken oder Tomaten. Auch in geviertelter Form erh\u00e4ltlich. <\/p>\n\n\n\n\n<figure class=\"is-layout-flow wp-block-column-is-layout-flow\"><img decoding=\"async\" src=\"https:\/\/www.baeckerei-gantner.ch\/cms\/wp-content\/uploads\/2023\/10\/rusticogipfeli_buendnerfleisch_v_1_00.jpg\" alt=\"\" style=\"aspect-ratio:3\/2;object-fit:cover\"\/><\/figure>\n\n\n<p><strong>Belegte Rusticogipfeli <\/strong><\/p>\n\n\n<p>Mit Schinken, K\u00e4se, Salami oder Rohschinken, wir bereiten Ihre Rusticogipfeli mass-geschneidert auf Sie zu. <\/p>\n\n\n\n\n\n\n<figure class=\"is-layout-flow wp-block-column-is-layout-flow is-layout-flex wp-container-core-columns-is-layout-28f84493 wp-block-columns-is-layout-flex\"><img decoding=\"async\" src=\"https:\/\/www.baeckerei-gantner.ch\/cms\/wp-content\/uploads\/2023\/10\/gemischte_semmel_v_1_00i.jpg\" alt=\"\" style=\"aspect-ratio:3\/2;object-fit:cover\"\/><\/figure>\n\n\n<p><strong>Gemischte Semmeli<\/strong><\/p>\n\n\n<p>Das Semmeli ist ein Klassiker, den \u00d6streicher, sowie die Deutschen auch unter dem Begriff &#8220;Weckrl&#8221; oder &#8220;Schrippe&#8221; kennen. Besonders gut mit Nutella oder Konfi und Gruy\u00e8re.<\/p>\n\n\n\n\n<figure class=\"is-layout-flow wp-block-column-is-layout-flow\"><img decoding=\"async\" src=\"https:\/\/www.baeckerei-gantner.ch\/cms\/wp-content\/uploads\/2023\/10\/laugenkranz_gefuellt_v_1_00.jpg\" alt=\"\" style=\"aspect-ratio:3\/2;object-fit:cover\"\/><\/figure>\n\n\n<p><strong>Gef\u00fcllter Laugenbrotkranz<\/strong><\/p>\n\n\n<p>Mit Schinken, K\u00e4se, Salami oder Rohschinken, wir bereiten Ihren Laugenbrotkranz zu. Ideal als kreatives Mitbringsel auf Parties oder Firmenanl\u00e4ssen. <\/p>\n\n\n\n\n\n\n<figure class=\"is-layout-flow wp-block-column-is-layout-flow is-layout-flex wp-container-core-columns-is-layout-28f84493 wp-block-columns-is-layout-flex\"><img decoding=\"async\" src=\"https:\/\/www.baeckerei-gantner.ch\/cms\/wp-content\/uploads\/2023\/10\/buttergipfeli_lachs_v_1_00.jpg\" alt=\"\" style=\"aspect-ratio:1.5;object-fit:cover;width:341px;height:auto\"\/><\/figure>\n\n\n<p><strong>Belegte Buttergipfeli<\/strong><\/p>\n\n\n<p>Mit Lachs, Emmentalerk\u00e4se, Avocado oder Grillgem\u00fcse, f\u00fcr jede Gelegenheit ein passendes Gipfeli. <\/p>\n\n\n\n\n<figure class=\"is-layout-flow wp-block-column-is-layout-flow\"><img decoding=\"async\" src=\"https:\/\/www.baeckerei-gantner.ch\/cms\/wp-content\/uploads\/2023\/10\/laugenbroetli_quark_gemuesesticks_v_1_00.jpg\" alt=\"\" style=\"aspect-ratio:1.5;object-fit:cover;width:342px;height:auto\"\/><\/figure>\n\n\n<p><strong>Laugenbr\u00f6tli mit Quark und Gem\u00fcsesticks<\/strong><\/p>\n\n\n<p>Ein fr\u00f6hlicher, gesunder vegetarischer Snack. Auf Anfrage auch mit anderen Gem\u00fcsesorten erh\u00e4ltlich.<\/p>\n\n\n\t\t\n\t\t\t<a href=\"https:\/\/www.baeckerei-gantner.ch\/cms\/kontakt-2\/\">\n\t\t\t\t\t\tBestellung aufgeben\n\t\t\t\t\t<\/a>","protected":false},"excerpt":{"rendered":"<p>F\u00fcr jeden Anlass kann die B\u00e4ckerei Gantner den Ap\u00e9ro f\u00fcr Sie zur Verf\u00fcgung stellen Turm &#8220;Pain Surprise&#8221; Der Turm &#8220;Pain Surprise&#8221; kann f\u00fcr Sie pers\u00f6nlich mit Ihren Lieblingszutaten erstellt, oder als \u00dcberraschung, erstellt werden. Diese und viele andere Ap\u00e9roplatten stellen wir Ihnen auf der kommenden Seite vor. Ideal f\u00fcr den Verzehr in Gruppen. Laugenbr\u00f6tchen Hervorragend &hellip; <\/p>\n<p class=\"link-more\"><a href=\"https:\/\/www.baeckerei-gantner.ch\/cms\/apero-2\/\" class=\"more-link\">Read more<span class=\"screen-reader-text\"> &#8220;Ap\u00e9ro&#8221;<\/span><\/a><\/p>\n","protected":false},"author":1,"featured_media":0,"parent":0,"menu_order":0,"comment_status":"closed","ping_status":"closed","template":"","meta":{"_themeisle_gutenberg_block_has_review":false,"footnotes":""},"class_list":["post-1342","page","type-page","status-publish","hentry"],"yoast_head":"<!-- This site is optimized with the Yoast SEO plugin v24.1 - https:\/\/yoast.com\/wordpress\/plugins\/seo\/ -->\n<title>Ap\u00e9ro - B\u00e4ckerei Gantner<\/title>\n<meta name=\"robots\" content=\"index, follow, max-snippet:-1, max-image-preview:large, max-video-preview:-1\" \/>\n<link rel=\"canonical\" href=\"https:\/\/www.baeckerei-gantner.ch\/cms\/apero-2\/\" \/>\n<meta property=\"og:locale\" content=\"de_DE\" \/>\n<meta property=\"og:type\" content=\"article\" \/>\n<meta property=\"og:title\" content=\"Ap\u00e9ro - B\u00e4ckerei Gantner\" \/>\n<meta property=\"og:description\" content=\"F\u00fcr jeden Anlass kann die B\u00e4ckerei Gantner den Ap\u00e9ro f\u00fcr Sie zur Verf\u00fcgung stellen Turm &#8220;Pain Surprise&#8221; Der Turm &#8220;Pain Surprise&#8221; kann f\u00fcr Sie pers\u00f6nlich mit Ihren Lieblingszutaten erstellt, oder als \u00dcberraschung, erstellt werden. Diese und viele andere Ap\u00e9roplatten stellen wir Ihnen auf der kommenden Seite vor. Ideal f\u00fcr den Verzehr in Gruppen. Laugenbr\u00f6tchen Hervorragend &hellip; Read more &quot;Ap\u00e9ro&quot;\" \/>\n<meta property=\"og:url\" content=\"https:\/\/www.baeckerei-gantner.ch\/cms\/apero-2\/\" \/>\n<meta property=\"og:site_name\" content=\"B\u00e4ckerei Gantner\" \/>\n<meta property=\"article:modified_time\" content=\"2025-02-10T12:35:03+00:00\" \/>\n<meta property=\"og:image\" content=\"https:\/\/www.baeckerei-gantner.ch\/cms\/wp-content\/uploads\/2023\/10\/turm_pain_surprise_v_1_01-545x1024.jpg\" \/>\n<meta name=\"twitter:card\" content=\"summary_large_image\" \/>\n<meta name=\"twitter:label1\" content=\"Gesch\u00e4tzte Lesezeit\" \/>\n\t<meta name=\"twitter:data1\" content=\"3\u00a0Minuten\" \/>\n<script type=\"application\/ld+json\" class=\"yoast-schema-graph\">{\"@context\":\"https:\/\/schema.org\",\"@graph\":[{\"@type\":\"WebPage\",\"@id\":\"https:\/\/www.baeckerei-gantner.ch\/cms\/apero-2\/\",\"url\":\"https:\/\/www.baeckerei-gantner.ch\/cms\/apero-2\/\",\"name\":\"Ap\u00e9ro - B\u00e4ckerei Gantner\",\"isPartOf\":{\"@id\":\"https:\/\/www.baeckerei-gantner.ch\/cms\/#website\"},\"primaryImageOfPage\":{\"@id\":\"https:\/\/www.baeckerei-gantner.ch\/cms\/apero-2\/#primaryimage\"},\"image\":{\"@id\":\"https:\/\/www.baeckerei-gantner.ch\/cms\/apero-2\/#primaryimage\"},\"thumbnailUrl\":\"https:\/\/www.baeckerei-gantner.ch\/cms\/wp-content\/uploads\/2023\/10\/turm_pain_surprise_v_1_01-545x1024.jpg\",\"datePublished\":\"2023-10-02T08:51:16+00:00\",\"dateModified\":\"2025-02-10T12:35:03+00:00\",\"breadcrumb\":{\"@id\":\"https:\/\/www.baeckerei-gantner.ch\/cms\/apero-2\/#breadcrumb\"},\"inLanguage\":\"de-CH\",\"potentialAction\":[{\"@type\":\"ReadAction\",\"target\":[\"https:\/\/www.baeckerei-gantner.ch\/cms\/apero-2\/\"]}]},{\"@type\":\"ImageObject\",\"inLanguage\":\"de-CH\",\"@id\":\"https:\/\/www.baeckerei-gantner.ch\/cms\/apero-2\/#primaryimage\",\"url\":\"https:\/\/www.baeckerei-gantner.ch\/cms\/wp-content\/uploads\/2023\/10\/turm_pain_surprise_v_1_01-scaled.jpg\",\"contentUrl\":\"https:\/\/www.baeckerei-gantner.ch\/cms\/wp-content\/uploads\/2023\/10\/turm_pain_surprise_v_1_01-scaled.jpg\",\"width\":1362,\"height\":2560},{\"@type\":\"BreadcrumbList\",\"@id\":\"https:\/\/www.baeckerei-gantner.ch\/cms\/apero-2\/#breadcrumb\",\"itemListElement\":[{\"@type\":\"ListItem\",\"position\":1,\"name\":\"Startseite\",\"item\":\"https:\/\/www.baeckerei-gantner.ch\/cms\/\"},{\"@type\":\"ListItem\",\"position\":2,\"name\":\"Ap\u00e9ro\"}]},{\"@type\":\"WebSite\",\"@id\":\"https:\/\/www.baeckerei-gantner.ch\/cms\/#website\",\"url\":\"https:\/\/www.baeckerei-gantner.ch\/cms\/\",\"name\":\"B\u00e4ckerei Gantner\",\"description\":\"Der beste Beck am linken Seeufer\",\"potentialAction\":[{\"@type\":\"SearchAction\",\"target\":{\"@type\":\"EntryPoint\",\"urlTemplate\":\"https:\/\/www.baeckerei-gantner.ch\/cms\/?s={search_term_string}\"},\"query-input\":{\"@type\":\"PropertyValueSpecification\",\"valueRequired\":true,\"valueName\":\"search_term_string\"}}],\"inLanguage\":\"de-CH\"}]}<\/script>\n<!-- \/ Yoast SEO plugin. -->","yoast_head_json":{"title":"Ap\u00e9ro - B\u00e4ckerei Gantner","robots":{"index":"index","follow":"follow","max-snippet":"max-snippet:-1","max-image-preview":"max-image-preview:large","max-video-preview":"max-video-preview:-1"},"canonical":"https:\/\/www.baeckerei-gantner.ch\/cms\/apero-2\/","og_locale":"de_DE","og_type":"article","og_title":"Ap\u00e9ro - B\u00e4ckerei Gantner","og_description":"F\u00fcr jeden Anlass kann die B\u00e4ckerei Gantner den Ap\u00e9ro f\u00fcr Sie zur Verf\u00fcgung stellen Turm &#8220;Pain Surprise&#8221; Der Turm &#8220;Pain Surprise&#8221; kann f\u00fcr Sie pers\u00f6nlich mit Ihren Lieblingszutaten erstellt, oder als \u00dcberraschung, erstellt werden. Diese und viele andere Ap\u00e9roplatten stellen wir Ihnen auf der kommenden Seite vor. Ideal f\u00fcr den Verzehr in Gruppen. Laugenbr\u00f6tchen Hervorragend &hellip; Read more \"Ap\u00e9ro\"","og_url":"https:\/\/www.baeckerei-gantner.ch\/cms\/apero-2\/","og_site_name":"B\u00e4ckerei Gantner","article_modified_time":"2025-02-10T12:35:03+00:00","og_image":[{"url":"https:\/\/www.baeckerei-gantner.ch\/cms\/wp-content\/uploads\/2023\/10\/turm_pain_surprise_v_1_01-545x1024.jpg","type":"","width":"","height":""}],"twitter_card":"summary_large_image","twitter_misc":{"Gesch\u00e4tzte Lesezeit":"3\u00a0Minuten"},"schema":{"@context":"https:\/\/schema.org","@graph":[{"@type":"WebPage","@id":"https:\/\/www.baeckerei-gantner.ch\/cms\/apero-2\/","url":"https:\/\/www.baeckerei-gantner.ch\/cms\/apero-2\/","name":"Ap\u00e9ro - B\u00e4ckerei Gantner","isPartOf":{"@id":"https:\/\/www.baeckerei-gantner.ch\/cms\/#website"},"primaryImageOfPage":{"@id":"https:\/\/www.baeckerei-gantner.ch\/cms\/apero-2\/#primaryimage"},"image":{"@id":"https:\/\/www.baeckerei-gantner.ch\/cms\/apero-2\/#primaryimage"},"thumbnailUrl":"https:\/\/www.baeckerei-gantner.ch\/cms\/wp-content\/uploads\/2023\/10\/turm_pain_surprise_v_1_01-545x1024.jpg","datePublished":"2023-10-02T08:51:16+00:00","dateModified":"2025-02-10T12:35:03+00:00","breadcrumb":{"@id":"https:\/\/www.baeckerei-gantner.ch\/cms\/apero-2\/#breadcrumb"},"inLanguage":"de-CH","potentialAction":[{"@type":"ReadAction","target":["https:\/\/www.baeckerei-gantner.ch\/cms\/apero-2\/"]}]},{"@type":"ImageObject","inLanguage":"de-CH","@id":"https:\/\/www.baeckerei-gantner.ch\/cms\/apero-2\/#primaryimage","url":"https:\/\/www.baeckerei-gantner.ch\/cms\/wp-content\/uploads\/2023\/10\/turm_pain_surprise_v_1_01-scaled.jpg","contentUrl":"https:\/\/www.baeckerei-gantner.ch\/cms\/wp-content\/uploads\/2023\/10\/turm_pain_surprise_v_1_01-scaled.jpg","width":1362,"height":2560},{"@type":"BreadcrumbList","@id":"https:\/\/www.baeckerei-gantner.ch\/cms\/apero-2\/#breadcrumb","itemListElement":[{"@type":"ListItem","position":1,"name":"Startseite","item":"https:\/\/www.baeckerei-gantner.ch\/cms\/"},{"@type":"ListItem","position":2,"name":"Ap\u00e9ro"}]},{"@type":"WebSite","@id":"https:\/\/www.baeckerei-gantner.ch\/cms\/#website","url":"https:\/\/www.baeckerei-gantner.ch\/cms\/","name":"B\u00e4ckerei Gantner","description":"Der beste Beck am linken Seeufer","potentialAction":[{"@type":"SearchAction","target":{"@type":"EntryPoint","urlTemplate":"https:\/\/www.baeckerei-gantner.ch\/cms\/?s={search_term_string}"},"query-input":{"@type":"PropertyValueSpecification","valueRequired":true,"valueName":"search_term_string"}}],"inLanguage":"de-CH"}]}},"_links":{"self":[{"href":"https:\/\/www.baeckerei-gantner.ch\/cms\/wp-json\/wp\/v2\/pages\/1342","targetHints":{"allow":["GET"]}}],"collection":[{"href":"https:\/\/www.baeckerei-gantner.ch\/cms\/wp-json\/wp\/v2\/pages"}],"about":[{"href":"https:\/\/www.baeckerei-gantner.ch\/cms\/wp-json\/wp\/v2\/types\/page"}],"author":[{"embeddable":true,"href":"https:\/\/www.baeckerei-gantner.ch\/cms\/wp-json\/wp\/v2\/users\/1"}],"replies":[{"embeddable":true,"href":"https:\/\/www.baeckerei-gantner.ch\/cms\/wp-json\/wp\/v2\/comments?post=1342"}],"version-history":[{"count":4,"href":"https:\/\/www.baeckerei-gantner.ch\/cms\/wp-json\/wp\/v2\/pages\/1342\/revisions"}],"predecessor-version":[{"id":1772,"href":"https:\/\/www.baeckerei-gantner.ch\/cms\/wp-json\/wp\/v2\/pages\/1342\/revisions\/1772"}],"wp:attachment":[{"href":"https:\/\/www.baeckerei-gantner.ch\/cms\/wp-json\/wp\/v2\/media?parent=1342"}],"curies":[{"name":"wp","href":"https:\/\/api.w.org\/{rel}","templated":true}]}}