{"id":1352,"date":"2023-10-03T10:29:14","date_gmt":"2023-10-03T08:29:14","guid":{"rendered":"https:\/\/www.baeckerei-gantner.ch\/cms\/?page_id=1352"},"modified":"2025-02-10T13:10:33","modified_gmt":"2025-02-10T12:10:33","slug":"baeckerei-2","status":"publish","type":"page","link":"https:\/\/www.baeckerei-gantner.ch\/cms\/baeckerei-2\/","title":{"rendered":"B\u00e4ckerei"},"content":{"rendered":"<h1>Brot &#8211; Gipfeli &#8211; Br\u00f6tchen<\/h1>\n<p style=\"text-align: center;\">Alles was Ihr Herz begehrt, finden Sie bei uns.<\/p>\n<p><a href=\"https:\/\/www.baeckerei-gantner.ch\/cms\/kontakt-2\/\"><br \/>\nBestellung aufgeben<br \/>\n<\/a><\/p>\n<figure class=\"gallery-item\">\n<p><figure style=\"width: 300px\" class=\"wp-caption alignnone\"><a href=\"https:\/\/www.baeckerei-gantner.ch\/cms\/wp-content\/uploads\/2023\/10\/spezialbrote_v_1_01-scaled.jpg\" data-elementor-open-lightbox=\"yes\" data-elementor-lightbox-slideshow=\"dcf32b8\" data-elementor-lightbox-title=\"spezialbrote_v_1_01\" data-e-action-hash=\"#elementor-action%3Aaction%3Dlightbox%26settings%3DeyJpZCI6NzE4LCJ1cmwiOiJodHRwczpcL1wvd3d3LmJhZWNrZXJlaS1nYW50bmVyLmNoXC9jbXNcL3dwLWNvbnRlbnRcL3VwbG9hZHNcLzIwMjNcLzEwXC9zcGV6aWFsYnJvdGVfdl8xXzAxLXNjYWxlZC5qcGciLCJzbGlkZXNob3ciOiJkY2YzMmI4In0%3D\"><img fetchpriority=\"high\" decoding=\"async\" src=\"https:\/\/www.baeckerei-gantner.ch\/cms\/wp-content\/uploads\/2023\/10\/spezialbrote_v_1_01-300x279.jpg\" sizes=\"100vw\" srcset=\"https:\/\/www.baeckerei-gantner.ch\/cms\/wp-content\/uploads\/2023\/10\/spezialbrote_v_1_01-300x279.jpg 300w, https:\/\/www.baeckerei-gantner.ch\/cms\/wp-content\/uploads\/2023\/10\/spezialbrote_v_1_01-1024x953.jpg 1024w, https:\/\/www.baeckerei-gantner.ch\/cms\/wp-content\/uploads\/2023\/10\/spezialbrote_v_1_01-768x715.jpg 768w, https:\/\/www.baeckerei-gantner.ch\/cms\/wp-content\/uploads\/2023\/10\/spezialbrote_v_1_01-1536x1430.jpg 1536w, https:\/\/www.baeckerei-gantner.ch\/cms\/wp-content\/uploads\/2023\/10\/spezialbrote_v_1_01-2048x1907.jpg 2048w, https:\/\/www.baeckerei-gantner.ch\/cms\/wp-content\/uploads\/2023\/10\/spezialbrote_v_1_01-2000x1862.jpg 2000w, https:\/\/www.baeckerei-gantner.ch\/cms\/wp-content\/uploads\/2023\/10\/spezialbrote_v_1_01-600x559.jpg 600w, https:\/\/www.baeckerei-gantner.ch\/cms\/wp-content\/uploads\/2023\/10\/spezialbrote_v_1_01-1200x1117.jpg 1200w\" alt=\"\" width=\"300\" height=\"279\" \/><\/a><figcaption class=\"wp-caption-text\">Unsere Spezialbrote werden mit 2- 3 verschiedenen Teigen hergestellt, meist in Zopfform erh\u00e4ltlich<\/figcaption><\/figure><\/figure>\n<figure class=\"gallery-item\">\n<p><figure style=\"width: 290px\" class=\"wp-caption alignnone\"><a href=\"https:\/\/www.baeckerei-gantner.ch\/cms\/wp-content\/uploads\/2023\/10\/rusticowurzel_v_1_01-scaled.jpg\" data-elementor-open-lightbox=\"yes\" data-elementor-lightbox-slideshow=\"dcf32b8\" data-elementor-lightbox-title=\"rusticowurzel_v_1_01\" data-e-action-hash=\"#elementor-action%3Aaction%3Dlightbox%26settings%3DeyJpZCI6NzI1LCJ1cmwiOiJodHRwczpcL1wvd3d3LmJhZWNrZXJlaS1nYW50bmVyLmNoXC9jbXNcL3dwLWNvbnRlbnRcL3VwbG9hZHNcLzIwMjNcLzEwXC9ydXN0aWNvd3VyemVsX3ZfMV8wMS1zY2FsZWQuanBnIiwic2xpZGVzaG93IjoiZGNmMzJiOCJ9\"><img decoding=\"async\" src=\"https:\/\/www.baeckerei-gantner.ch\/cms\/wp-content\/uploads\/2023\/10\/rusticowurzel_v_1_01-290x300.jpg\" sizes=\"100vw\" srcset=\"https:\/\/www.baeckerei-gantner.ch\/cms\/wp-content\/uploads\/2023\/10\/rusticowurzel_v_1_01-290x300.jpg 290w, https:\/\/www.baeckerei-gantner.ch\/cms\/wp-content\/uploads\/2023\/10\/rusticowurzel_v_1_01-991x1024.jpg 991w, https:\/\/www.baeckerei-gantner.ch\/cms\/wp-content\/uploads\/2023\/10\/rusticowurzel_v_1_01-768x794.jpg 768w, https:\/\/www.baeckerei-gantner.ch\/cms\/wp-content\/uploads\/2023\/10\/rusticowurzel_v_1_01-1486x1536.jpg 1486w, https:\/\/www.baeckerei-gantner.ch\/cms\/wp-content\/uploads\/2023\/10\/rusticowurzel_v_1_01-1982x2048.jpg 1982w, https:\/\/www.baeckerei-gantner.ch\/cms\/wp-content\/uploads\/2023\/10\/rusticowurzel_v_1_01-2000x2067.jpg 2000w, https:\/\/www.baeckerei-gantner.ch\/cms\/wp-content\/uploads\/2023\/10\/rusticowurzel_v_1_01-600x620.jpg 600w, https:\/\/www.baeckerei-gantner.ch\/cms\/wp-content\/uploads\/2023\/10\/rusticowurzel_v_1_01-1200x1240.jpg 1200w\" alt=\"\" width=\"290\" height=\"300\" \/><\/a><figcaption class=\"wp-caption-text\">Das luftige und feuchte Rusticowurzel ist sehr gut haltbar und schmeckt fantastisch<\/figcaption><\/figure><\/figure>\n<figure class=\"gallery-item\">\n<p><figure style=\"width: 300px\" class=\"wp-caption alignnone\"><a href=\"https:\/\/www.baeckerei-gantner.ch\/cms\/wp-content\/uploads\/2023\/10\/spezialbrot_ruchsemmeli_traubenblatt_v_1_00.jpg\" data-elementor-open-lightbox=\"yes\" data-elementor-lightbox-slideshow=\"dcf32b8\" data-elementor-lightbox-title=\"spezialbrot_ruchsemmeli_traubenblatt_v_1_00\" data-e-action-hash=\"#elementor-action%3Aaction%3Dlightbox%26settings%3DeyJpZCI6NzIxLCJ1cmwiOiJodHRwczpcL1wvd3d3LmJhZWNrZXJlaS1nYW50bmVyLmNoXC9jbXNcL3dwLWNvbnRlbnRcL3VwbG9hZHNcLzIwMjNcLzEwXC9zcGV6aWFsYnJvdF9ydWNoc2VtbWVsaV90cmF1YmVuYmxhdHRfdl8xXzAwLmpwZyIsInNsaWRlc2hvdyI6ImRjZjMyYjgifQ%3D%3D\"><img decoding=\"async\" src=\"https:\/\/www.baeckerei-gantner.ch\/cms\/wp-content\/uploads\/2023\/10\/spezialbrot_ruchsemmeli_traubenblatt_v_1_00-300x280.jpg\" sizes=\"100vw\" srcset=\"https:\/\/www.baeckerei-gantner.ch\/cms\/wp-content\/uploads\/2023\/10\/spezialbrot_ruchsemmeli_traubenblatt_v_1_00-300x280.jpg 300w, https:\/\/www.baeckerei-gantner.ch\/cms\/wp-content\/uploads\/2023\/10\/spezialbrot_ruchsemmeli_traubenblatt_v_1_00-1024x956.jpg 1024w, https:\/\/www.baeckerei-gantner.ch\/cms\/wp-content\/uploads\/2023\/10\/spezialbrot_ruchsemmeli_traubenblatt_v_1_00-768x717.jpg 768w, https:\/\/www.baeckerei-gantner.ch\/cms\/wp-content\/uploads\/2023\/10\/spezialbrot_ruchsemmeli_traubenblatt_v_1_00-1536x1434.jpg 1536w, https:\/\/www.baeckerei-gantner.ch\/cms\/wp-content\/uploads\/2023\/10\/spezialbrot_ruchsemmeli_traubenblatt_v_1_00-600x560.jpg 600w, https:\/\/www.baeckerei-gantner.ch\/cms\/wp-content\/uploads\/2023\/10\/spezialbrot_ruchsemmeli_traubenblatt_v_1_00-1200x1121.jpg 1200w, https:\/\/www.baeckerei-gantner.ch\/cms\/wp-content\/uploads\/2023\/10\/spezialbrot_ruchsemmeli_traubenblatt_v_1_00.jpg 1588w\" alt=\"\" width=\"300\" height=\"280\" \/><\/a><figcaption class=\"wp-caption-text\">Gerne stellen wir auf Bestellung Spezialbrote mit diversen kleinen Br\u00f6tchen her, hier zu sehen als Traubenblatt<\/figcaption><\/figure><\/figure>\n<figure class=\"gallery-item\">\n<p><figure style=\"width: 300px\" class=\"wp-caption alignnone\"><a href=\"https:\/\/www.baeckerei-gantner.ch\/cms\/wp-content\/uploads\/2023\/10\/zopf_sunntigswegge_v_1_00.jpg\" data-elementor-open-lightbox=\"yes\" data-elementor-lightbox-slideshow=\"dcf32b8\" data-elementor-lightbox-title=\"zopf_sunntigswegge_v_1_00\" data-e-action-hash=\"#elementor-action%3Aaction%3Dlightbox%26settings%3DeyJpZCI6NzIzLCJ1cmwiOiJodHRwczpcL1wvd3d3LmJhZWNrZXJlaS1nYW50bmVyLmNoXC9jbXNcL3dwLWNvbnRlbnRcL3VwbG9hZHNcLzIwMjNcLzEwXC96b3BmX3N1bm50aWdzd2VnZ2Vfdl8xXzAwLmpwZyIsInNsaWRlc2hvdyI6ImRjZjMyYjgifQ%3D%3D\"><img loading=\"lazy\" decoding=\"async\" src=\"https:\/\/www.baeckerei-gantner.ch\/cms\/wp-content\/uploads\/2023\/10\/zopf_sunntigswegge_v_1_00-300x257.jpg\" sizes=\"100vw\" srcset=\"https:\/\/www.baeckerei-gantner.ch\/cms\/wp-content\/uploads\/2023\/10\/zopf_sunntigswegge_v_1_00-300x257.jpg 300w, https:\/\/www.baeckerei-gantner.ch\/cms\/wp-content\/uploads\/2023\/10\/zopf_sunntigswegge_v_1_00.jpg 320w\" alt=\"\" width=\"300\" height=\"257\" \/><\/a><figcaption class=\"wp-caption-text\">Unsere Z\u00f6pfe, welche jeweils Freitag und Samstag erh\u00e4ltlich sind werden mit w\u00e4denswiler Milch und schweizer Butter produziert. Als klassischer Zopf, Sonntagsweggen in der Form gebacken oder auch sch\u00f6n mit Rosen ausgarniert erh\u00e4ltlich.<\/figcaption><\/figure><\/figure>\n<figure class=\"gallery-item\">\n<p><figure style=\"width: 281px\" class=\"wp-caption alignnone\"><a href=\"https:\/\/www.baeckerei-gantner.ch\/cms\/wp-content\/uploads\/2023\/10\/gipfeli_auswahl_v_1_00.jpg\" data-elementor-open-lightbox=\"yes\" data-elementor-lightbox-slideshow=\"dcf32b8\" data-elementor-lightbox-title=\"gipfeli_auswahl_v_1_00\" data-e-action-hash=\"#elementor-action%3Aaction%3Dlightbox%26settings%3DeyJpZCI6NzI0LCJ1cmwiOiJodHRwczpcL1wvd3d3LmJhZWNrZXJlaS1nYW50bmVyLmNoXC9jbXNcL3dwLWNvbnRlbnRcL3VwbG9hZHNcLzIwMjNcLzEwXC9naXBmZWxpX2F1c3dhaGxfdl8xXzAwLmpwZyIsInNsaWRlc2hvdyI6ImRjZjMyYjgifQ%3D%3D\"><img loading=\"lazy\" decoding=\"async\" src=\"https:\/\/www.baeckerei-gantner.ch\/cms\/wp-content\/uploads\/2023\/10\/gipfeli_auswahl_v_1_00-281x300.jpg\" sizes=\"100vw\" srcset=\"https:\/\/www.baeckerei-gantner.ch\/cms\/wp-content\/uploads\/2023\/10\/gipfeli_auswahl_v_1_00-281x300.jpg 281w, https:\/\/www.baeckerei-gantner.ch\/cms\/wp-content\/uploads\/2023\/10\/gipfeli_auswahl_v_1_00.jpg 300w\" alt=\"\" width=\"281\" height=\"300\" \/><\/a><figcaption class=\"wp-caption-text\">Einfach der Hit, unsere hausgemachte Gipfeliauswahl. Der klassische Buttergipfel, das Laugengipfeli oder das Rusticogipfeli mit einem Anteil w\u00e4denswiler Getreide sind ungef\u00fcllt. Die Schoggigipfeli stellen wir mit MIlch- oder dunkler Schokolade her.<\/figcaption><\/figure><\/figure>\n<figure class=\"gallery-item\">\n<p><figure style=\"width: 300px\" class=\"wp-caption alignnone\"><a href=\"https:\/\/www.baeckerei-gantner.ch\/cms\/wp-content\/uploads\/2023\/10\/dinkelbrot_v_1_00-scaled.jpg\" data-elementor-open-lightbox=\"yes\" data-elementor-lightbox-slideshow=\"dcf32b8\" data-elementor-lightbox-title=\"dinkelbrot_v_1_00\" data-e-action-hash=\"#elementor-action%3Aaction%3Dlightbox%26settings%3DeyJpZCI6NzIwLCJ1cmwiOiJodHRwczpcL1wvd3d3LmJhZWNrZXJlaS1nYW50bmVyLmNoXC9jbXNcL3dwLWNvbnRlbnRcL3VwbG9hZHNcLzIwMjNcLzEwXC9kaW5rZWxicm90X3ZfMV8wMC1zY2FsZWQuanBnIiwic2xpZGVzaG93IjoiZGNmMzJiOCJ9\"><img loading=\"lazy\" decoding=\"async\" src=\"https:\/\/www.baeckerei-gantner.ch\/cms\/wp-content\/uploads\/2023\/10\/dinkelbrot_v_1_00-300x211.jpg\" sizes=\"100vw\" srcset=\"https:\/\/www.baeckerei-gantner.ch\/cms\/wp-content\/uploads\/2023\/10\/dinkelbrot_v_1_00-300x211.jpg 300w, https:\/\/www.baeckerei-gantner.ch\/cms\/wp-content\/uploads\/2023\/10\/dinkelbrot_v_1_00-1024x719.jpg 1024w, https:\/\/www.baeckerei-gantner.ch\/cms\/wp-content\/uploads\/2023\/10\/dinkelbrot_v_1_00-768x539.jpg 768w, https:\/\/www.baeckerei-gantner.ch\/cms\/wp-content\/uploads\/2023\/10\/dinkelbrot_v_1_00-1536x1078.jpg 1536w, https:\/\/www.baeckerei-gantner.ch\/cms\/wp-content\/uploads\/2023\/10\/dinkelbrot_v_1_00-2048x1438.jpg 2048w, https:\/\/www.baeckerei-gantner.ch\/cms\/wp-content\/uploads\/2023\/10\/dinkelbrot_v_1_00-2000x1404.jpg 2000w, https:\/\/www.baeckerei-gantner.ch\/cms\/wp-content\/uploads\/2023\/10\/dinkelbrot_v_1_00-600x421.jpg 600w, https:\/\/www.baeckerei-gantner.ch\/cms\/wp-content\/uploads\/2023\/10\/dinkelbrot_v_1_00-1200x842.jpg 1200w\" alt=\"\" width=\"300\" height=\"211\" \/><\/a><figcaption class=\"wp-caption-text\">Das reine Urdinkelbrot \u00fcberzeugt mit seiner Feuchtigkeit, seinem guten Geschmack und seiner langen Haltbarkeit t\u00e4glich unsere Kunden.<\/figcaption><\/figure><\/figure>\n","protected":false},"excerpt":{"rendered":"<p>Brot &#8211; Gipfeli &#8211; Br\u00f6tchen Alles was Ihr Herz begehrt, finden Sie bei uns. Bestellung aufgeben<\/p>\n","protected":false},"author":1,"featured_media":0,"parent":0,"menu_order":0,"comment_status":"closed","ping_status":"closed","template":"","meta":{"_themeisle_gutenberg_block_has_review":false,"footnotes":""},"class_list":["post-1352","page","type-page","status-publish","hentry"],"yoast_head":"<!-- This site is optimized with the Yoast SEO plugin v24.1 - https:\/\/yoast.com\/wordpress\/plugins\/seo\/ -->\n<title>B\u00e4ckerei - B\u00e4ckerei Gantner<\/title>\n<meta name=\"robots\" content=\"index, follow, max-snippet:-1, max-image-preview:large, max-video-preview:-1\" \/>\n<link rel=\"canonical\" href=\"https:\/\/www.baeckerei-gantner.ch\/cms\/baeckerei-2\/\" \/>\n<meta property=\"og:locale\" content=\"de_DE\" \/>\n<meta property=\"og:type\" content=\"article\" \/>\n<meta property=\"og:title\" content=\"B\u00e4ckerei - B\u00e4ckerei Gantner\" \/>\n<meta property=\"og:description\" content=\"Brot &#8211; Gipfeli &#8211; Br\u00f6tchen Alles was Ihr Herz begehrt, finden Sie bei uns. Bestellung aufgeben\" \/>\n<meta property=\"og:url\" content=\"https:\/\/www.baeckerei-gantner.ch\/cms\/baeckerei-2\/\" \/>\n<meta property=\"og:site_name\" content=\"B\u00e4ckerei Gantner\" \/>\n<meta property=\"article:modified_time\" content=\"2025-02-10T12:10:33+00:00\" \/>\n<meta property=\"og:image\" content=\"https:\/\/www.baeckerei-gantner.ch\/cms\/wp-content\/uploads\/2023\/10\/spezialbrote_v_1_01-300x279.jpg\" \/>\n<meta name=\"twitter:card\" content=\"summary_large_image\" \/>\n<meta name=\"twitter:label1\" content=\"Gesch\u00e4tzte Lesezeit\" \/>\n\t<meta name=\"twitter:data1\" content=\"3\u00a0Minuten\" \/>\n<script type=\"application\/ld+json\" class=\"yoast-schema-graph\">{\"@context\":\"https:\/\/schema.org\",\"@graph\":[{\"@type\":\"WebPage\",\"@id\":\"https:\/\/www.baeckerei-gantner.ch\/cms\/baeckerei-2\/\",\"url\":\"https:\/\/www.baeckerei-gantner.ch\/cms\/baeckerei-2\/\",\"name\":\"B\u00e4ckerei - B\u00e4ckerei Gantner\",\"isPartOf\":{\"@id\":\"https:\/\/www.baeckerei-gantner.ch\/cms\/#website\"},\"primaryImageOfPage\":{\"@id\":\"https:\/\/www.baeckerei-gantner.ch\/cms\/baeckerei-2\/#primaryimage\"},\"image\":{\"@id\":\"https:\/\/www.baeckerei-gantner.ch\/cms\/baeckerei-2\/#primaryimage\"},\"thumbnailUrl\":\"https:\/\/www.baeckerei-gantner.ch\/cms\/wp-content\/uploads\/2023\/10\/spezialbrote_v_1_01-300x279.jpg\",\"datePublished\":\"2023-10-03T08:29:14+00:00\",\"dateModified\":\"2025-02-10T12:10:33+00:00\",\"breadcrumb\":{\"@id\":\"https:\/\/www.baeckerei-gantner.ch\/cms\/baeckerei-2\/#breadcrumb\"},\"inLanguage\":\"de-CH\",\"potentialAction\":[{\"@type\":\"ReadAction\",\"target\":[\"https:\/\/www.baeckerei-gantner.ch\/cms\/baeckerei-2\/\"]}]},{\"@type\":\"ImageObject\",\"inLanguage\":\"de-CH\",\"@id\":\"https:\/\/www.baeckerei-gantner.ch\/cms\/baeckerei-2\/#primaryimage\",\"url\":\"https:\/\/www.baeckerei-gantner.ch\/cms\/wp-content\/uploads\/2023\/10\/spezialbrote_v_1_01-scaled.jpg\",\"contentUrl\":\"https:\/\/www.baeckerei-gantner.ch\/cms\/wp-content\/uploads\/2023\/10\/spezialbrote_v_1_01-scaled.jpg\",\"width\":2560,\"height\":2383,\"caption\":\"Spezialbrote\"},{\"@type\":\"BreadcrumbList\",\"@id\":\"https:\/\/www.baeckerei-gantner.ch\/cms\/baeckerei-2\/#breadcrumb\",\"itemListElement\":[{\"@type\":\"ListItem\",\"position\":1,\"name\":\"Startseite\",\"item\":\"https:\/\/www.baeckerei-gantner.ch\/cms\/\"},{\"@type\":\"ListItem\",\"position\":2,\"name\":\"B\u00e4ckerei\"}]},{\"@type\":\"WebSite\",\"@id\":\"https:\/\/www.baeckerei-gantner.ch\/cms\/#website\",\"url\":\"https:\/\/www.baeckerei-gantner.ch\/cms\/\",\"name\":\"B\u00e4ckerei Gantner\",\"description\":\"Der beste Beck am linken Seeufer\",\"potentialAction\":[{\"@type\":\"SearchAction\",\"target\":{\"@type\":\"EntryPoint\",\"urlTemplate\":\"https:\/\/www.baeckerei-gantner.ch\/cms\/?s={search_term_string}\"},\"query-input\":{\"@type\":\"PropertyValueSpecification\",\"valueRequired\":true,\"valueName\":\"search_term_string\"}}],\"inLanguage\":\"de-CH\"}]}<\/script>\n<!-- \/ Yoast SEO plugin. -->","yoast_head_json":{"title":"B\u00e4ckerei - B\u00e4ckerei Gantner","robots":{"index":"index","follow":"follow","max-snippet":"max-snippet:-1","max-image-preview":"max-image-preview:large","max-video-preview":"max-video-preview:-1"},"canonical":"https:\/\/www.baeckerei-gantner.ch\/cms\/baeckerei-2\/","og_locale":"de_DE","og_type":"article","og_title":"B\u00e4ckerei - B\u00e4ckerei Gantner","og_description":"Brot &#8211; Gipfeli &#8211; Br\u00f6tchen Alles was Ihr Herz begehrt, finden Sie bei uns. Bestellung aufgeben","og_url":"https:\/\/www.baeckerei-gantner.ch\/cms\/baeckerei-2\/","og_site_name":"B\u00e4ckerei Gantner","article_modified_time":"2025-02-10T12:10:33+00:00","og_image":[{"url":"https:\/\/www.baeckerei-gantner.ch\/cms\/wp-content\/uploads\/2023\/10\/spezialbrote_v_1_01-300x279.jpg","type":"","width":"","height":""}],"twitter_card":"summary_large_image","twitter_misc":{"Gesch\u00e4tzte Lesezeit":"3\u00a0Minuten"},"schema":{"@context":"https:\/\/schema.org","@graph":[{"@type":"WebPage","@id":"https:\/\/www.baeckerei-gantner.ch\/cms\/baeckerei-2\/","url":"https:\/\/www.baeckerei-gantner.ch\/cms\/baeckerei-2\/","name":"B\u00e4ckerei - B\u00e4ckerei Gantner","isPartOf":{"@id":"https:\/\/www.baeckerei-gantner.ch\/cms\/#website"},"primaryImageOfPage":{"@id":"https:\/\/www.baeckerei-gantner.ch\/cms\/baeckerei-2\/#primaryimage"},"image":{"@id":"https:\/\/www.baeckerei-gantner.ch\/cms\/baeckerei-2\/#primaryimage"},"thumbnailUrl":"https:\/\/www.baeckerei-gantner.ch\/cms\/wp-content\/uploads\/2023\/10\/spezialbrote_v_1_01-300x279.jpg","datePublished":"2023-10-03T08:29:14+00:00","dateModified":"2025-02-10T12:10:33+00:00","breadcrumb":{"@id":"https:\/\/www.baeckerei-gantner.ch\/cms\/baeckerei-2\/#breadcrumb"},"inLanguage":"de-CH","potentialAction":[{"@type":"ReadAction","target":["https:\/\/www.baeckerei-gantner.ch\/cms\/baeckerei-2\/"]}]},{"@type":"ImageObject","inLanguage":"de-CH","@id":"https:\/\/www.baeckerei-gantner.ch\/cms\/baeckerei-2\/#primaryimage","url":"https:\/\/www.baeckerei-gantner.ch\/cms\/wp-content\/uploads\/2023\/10\/spezialbrote_v_1_01-scaled.jpg","contentUrl":"https:\/\/www.baeckerei-gantner.ch\/cms\/wp-content\/uploads\/2023\/10\/spezialbrote_v_1_01-scaled.jpg","width":2560,"height":2383,"caption":"Spezialbrote"},{"@type":"BreadcrumbList","@id":"https:\/\/www.baeckerei-gantner.ch\/cms\/baeckerei-2\/#breadcrumb","itemListElement":[{"@type":"ListItem","position":1,"name":"Startseite","item":"https:\/\/www.baeckerei-gantner.ch\/cms\/"},{"@type":"ListItem","position":2,"name":"B\u00e4ckerei"}]},{"@type":"WebSite","@id":"https:\/\/www.baeckerei-gantner.ch\/cms\/#website","url":"https:\/\/www.baeckerei-gantner.ch\/cms\/","name":"B\u00e4ckerei Gantner","description":"Der beste Beck am linken Seeufer","potentialAction":[{"@type":"SearchAction","target":{"@type":"EntryPoint","urlTemplate":"https:\/\/www.baeckerei-gantner.ch\/cms\/?s={search_term_string}"},"query-input":{"@type":"PropertyValueSpecification","valueRequired":true,"valueName":"search_term_string"}}],"inLanguage":"de-CH"}]}},"_links":{"self":[{"href":"https:\/\/www.baeckerei-gantner.ch\/cms\/wp-json\/wp\/v2\/pages\/1352","targetHints":{"allow":["GET"]}}],"collection":[{"href":"https:\/\/www.baeckerei-gantner.ch\/cms\/wp-json\/wp\/v2\/pages"}],"about":[{"href":"https:\/\/www.baeckerei-gantner.ch\/cms\/wp-json\/wp\/v2\/types\/page"}],"author":[{"embeddable":true,"href":"https:\/\/www.baeckerei-gantner.ch\/cms\/wp-json\/wp\/v2\/users\/1"}],"replies":[{"embeddable":true,"href":"https:\/\/www.baeckerei-gantner.ch\/cms\/wp-json\/wp\/v2\/comments?post=1352"}],"version-history":[{"count":7,"href":"https:\/\/www.baeckerei-gantner.ch\/cms\/wp-json\/wp\/v2\/pages\/1352\/revisions"}],"predecessor-version":[{"id":1510,"href":"https:\/\/www.baeckerei-gantner.ch\/cms\/wp-json\/wp\/v2\/pages\/1352\/revisions\/1510"}],"wp:attachment":[{"href":"https:\/\/www.baeckerei-gantner.ch\/cms\/wp-json\/wp\/v2\/media?parent=1352"}],"curies":[{"name":"wp","href":"https:\/\/api.w.org\/{rel}","templated":true}]}}