{"id":797,"date":"2023-10-03T13:39:30","date_gmt":"2023-10-03T11:39:30","guid":{"rendered":"http:\/\/www.baeckerei-gantner.ch\/cms\/?page_id=797"},"modified":"2023-10-16T13:44:31","modified_gmt":"2023-10-16T11:44:31","slug":"ueber-uns","status":"publish","type":"page","link":"https:\/\/www.baeckerei-gantner.ch\/cms\/ueber-uns\/","title":{"rendered":"\u00dcber uns"},"content":{"rendered":"\n<h1 class=\"wp-block-heading has-text-color has-link-color wp-elements-fccc2d0825779544ff54dcc752ef8b43\" style=\"color:#8f5f4a\">Geschichte<\/h1>\n\n\n\n<div class=\"wp-block-columns is-layout-flex wp-container-core-columns-is-layout-28f84493 wp-block-columns-is-layout-flex\">\n<div class=\"wp-block-column is-layout-flow wp-block-column-is-layout-flow\">\n<p>Seit 1896, also schon \u00fcber 125 Jahre, wird hier an der Sch\u00f6nenbergstrasse 11 Brot und s\u00fcsse K\u00f6stlichkeiten gebacken. Anfangs durch die Familie Sch\u00e4rer, bei der auch der Sohn das Gesch\u00e4ft weiterf\u00fchrte bis 1927, wo die Familie Albert B\u00fchler die B\u00e4ckerei \u00fcbernahm. Er f\u00fchrte die traditionellen Nusseggen ein. In den 1960 Jahren \u00fcbernahm der Sohn Max mit seiner Frau Maria das Gesch\u00e4ft und erweiterte vor allem das Konditoreiangebot. Im Jahr 1983 \u00fcbernahmen Annelies und Leo Gantner die B\u00e4ckerei-Konditorei, behielten viele Rezepte bei und konnten dank r\u00e4umlichen Anpassungen das Angebot auf die heutigen Bed\u00fcrfnisse anpassen und erweitern. So gibt es seit 1996 auch Sandwiches in unserem Angebot.<\/p>\n\n\n\n<p>2022 \u00fcbernahm Martina Gantner mit Unterst\u00fctzung von Annelies die Gesch\u00e4ftsf\u00fchrung, da Leo pensioniert wurde.\u00a0<\/p>\n\n\n\n<p>In der Produktion konnte das langj\u00e4hrige Team gehalten werden, dass die qualitativ hochstehenden Konditoreiprodukte weiterhin anfertigt werden. Das Sortiment konnte so gehalten werden und wir freuen uns, sie bei uns begr\u00fcssen zu k\u00f6nnen<strong>.<\/strong><\/p>\n<\/div>\n\n\n\n<div class=\"wp-block-column is-layout-flow wp-block-column-is-layout-flow\">\n<figure class=\"wp-block-image size-large\"><img fetchpriority=\"high\" decoding=\"async\" width=\"788\" height=\"1024\" src=\"https:\/\/www.baeckerei-gantner.ch\/cms\/wp-content\/uploads\/2023\/05\/kirche-waedenswil-e1540218437454-1000x1300-2-788x1024.jpg\" alt=\"\" class=\"wp-image-444\" srcset=\"https:\/\/www.baeckerei-gantner.ch\/cms\/wp-content\/uploads\/2023\/05\/kirche-waedenswil-e1540218437454-1000x1300-2-788x1024.jpg 788w, https:\/\/www.baeckerei-gantner.ch\/cms\/wp-content\/uploads\/2023\/05\/kirche-waedenswil-e1540218437454-1000x1300-2-231x300.jpg 231w, https:\/\/www.baeckerei-gantner.ch\/cms\/wp-content\/uploads\/2023\/05\/kirche-waedenswil-e1540218437454-1000x1300-2-768x998.jpg 768w, https:\/\/www.baeckerei-gantner.ch\/cms\/wp-content\/uploads\/2023\/05\/kirche-waedenswil-e1540218437454-1000x1300-2-600x780.jpg 600w, https:\/\/www.baeckerei-gantner.ch\/cms\/wp-content\/uploads\/2023\/05\/kirche-waedenswil-e1540218437454-1000x1300-2.jpg 1000w\" sizes=\"(max-width: 788px) 100vw, 788px\" \/><\/figure>\n<\/div>\n<\/div>\n\n\n\n<div class=\"wp-block-columns is-layout-flex wp-container-core-columns-is-layout-28f84493 wp-block-columns-is-layout-flex\">\n<div class=\"wp-block-column is-layout-flow wp-block-column-is-layout-flow\">\n<div style=\"height:100px\" aria-hidden=\"true\" class=\"wp-block-spacer\"><\/div>\n<\/div>\n\n\n\n<div class=\"wp-block-column is-layout-flow wp-block-column-is-layout-flow\"><style>.wp-block-kadence-advancedbtn.kb-btns797_1740c4-b5{gap:var(--global-kb-gap-xs, 0.5rem );justify-content:flex-start;align-items:center;}.kt-btns797_1740c4-b5 .kt-button{font-weight:normal;font-style:normal;}<\/style>\n<div class=\"wp-block-kadence-advancedbtn kb-buttons-wrap kb-btns797_1740c4-b5\"><style>.wp-block-kadence-advancedbtn .kb-btn797_07fc64-09.kb-button, ul.menu .wp-block-kadence-advancedbtn .kb-btn797_07fc64-09.kb-button{width:257px;}.wp-block-kadence-advancedbtn .kb-btn797_07fc64-09.kb-button{color:#ffffff;background:#8f5f4a;border-top-left-radius:0px;border-top-right-radius:0px;border-bottom-right-radius:0px;border-bottom-left-radius:0px;border-top-color:#000000;border-top-style:solid;border-right-color:#000000;border-right-style:solid;border-bottom-color:#000000;border-bottom-style:solid;border-left-color:#000000;border-left-style:solid;}.kb-btn797_07fc64-09.kb-button .kb-svg-icon-wrap{font-size:75px;}.wp-block-kadence-advancedbtn .kb-btn797_07fc64-09.kb-button:hover, .wp-block-kadence-advancedbtn .kb-btn797_07fc64-09.kb-button:focus{color:#ffffff;background:#000000;border-top-left-radius:5px;border-top-right-radius:5px;border-bottom-right-radius:5px;border-bottom-left-radius:5px;border-top-color:#444444;border-top-style:solid;border-right-color:#444444;border-right-style:solid;border-bottom-color:#444444;border-bottom-style:solid;border-left-color:#444444;border-left-style:solid;}@media all and (max-width: 1024px){.wp-block-kadence-advancedbtn .kb-btn797_07fc64-09.kb-button{border-top-color:#000000;border-top-style:solid;border-right-color:#000000;border-right-style:solid;border-bottom-color:#000000;border-bottom-style:solid;border-left-color:#000000;border-left-style:solid;}}@media all and (max-width: 1024px){.wp-block-kadence-advancedbtn .kb-btn797_07fc64-09.kb-button:hover, .wp-block-kadence-advancedbtn .kb-btn797_07fc64-09.kb-button:focus{border-top-color:#444444;border-top-style:solid;border-right-color:#444444;border-right-style:solid;border-bottom-color:#444444;border-bottom-style:solid;border-left-color:#444444;border-left-style:solid;}}@media all and (max-width: 1024px){.kb-btn797_07fc64-09.kb-button .kb-svg-icon-wrap{display:block;}}@media all and (max-width: 767px){.wp-block-kadence-advancedbtn .kb-btn797_07fc64-09.kb-button{border-top-color:#000000;border-top-style:solid;border-right-color:#000000;border-right-style:solid;border-bottom-color:#000000;border-bottom-style:solid;border-left-color:#000000;border-left-style:solid;}.wp-block-kadence-advancedbtn .kb-btn797_07fc64-09.kb-button:hover, .wp-block-kadence-advancedbtn .kb-btn797_07fc64-09.kb-button:focus{border-top-color:#444444;border-top-style:solid;border-right-color:#444444;border-right-style:solid;border-bottom-color:#444444;border-bottom-style:solid;border-left-color:#444444;border-left-style:solid;}}<\/style><a class=\"kb-button kt-button button kb-btn797_07fc64-09 kt-btn-size-small kt-btn-width-type-fixed kb-btn-global-fill kt-btn-has-text-true kt-btn-has-svg-false wp-block-kadence-singlebtn\" href=\"https:\/\/www.baeckerei-gantner.ch\/cms\/kontakt\/\"><span class=\"kt-btn-inner-text\">Zum Kontaktformular<\/span><\/a><\/div>\n<\/div>\n<\/div>\n\n\n\n<div style=\"height:100px\" aria-hidden=\"true\" class=\"wp-block-spacer\"><\/div>\n","protected":false},"excerpt":{"rendered":"<p>Geschichte Seit 1896, also schon \u00fcber 125 Jahre, wird hier an der Sch\u00f6nenbergstrasse 11 Brot und s\u00fcsse K\u00f6stlichkeiten gebacken. Anfangs durch die Familie Sch\u00e4rer, bei der auch der Sohn das Gesch\u00e4ft weiterf\u00fchrte bis 1927, wo die Familie Albert B\u00fchler die B\u00e4ckerei \u00fcbernahm. Er f\u00fchrte die traditionellen Nusseggen ein. In den 1960 Jahren \u00fcbernahm der Sohn &hellip; <\/p>\n<p class=\"link-more\"><a href=\"https:\/\/www.baeckerei-gantner.ch\/cms\/ueber-uns\/\" class=\"more-link\">Read more<span class=\"screen-reader-text\"> &#8220;\u00dcber uns&#8221;<\/span><\/a><\/p>\n","protected":false},"author":1,"featured_media":0,"parent":0,"menu_order":0,"comment_status":"closed","ping_status":"closed","template":"","meta":{"_themeisle_gutenberg_block_has_review":false,"footnotes":""},"class_list":["post-797","page","type-page","status-publish","hentry"],"yoast_head":"<!-- This site is optimized with the Yoast SEO plugin v24.1 - https:\/\/yoast.com\/wordpress\/plugins\/seo\/ -->\n<title>\u00dcber uns - B\u00e4ckerei Gantner<\/title>\n<meta name=\"robots\" content=\"index, follow, max-snippet:-1, max-image-preview:large, max-video-preview:-1\" \/>\n<link rel=\"canonical\" href=\"https:\/\/www.baeckerei-gantner.ch\/cms\/ueber-uns\/\" \/>\n<meta property=\"og:locale\" content=\"de_DE\" \/>\n<meta property=\"og:type\" content=\"article\" \/>\n<meta property=\"og:title\" content=\"\u00dcber uns - B\u00e4ckerei Gantner\" \/>\n<meta property=\"og:description\" content=\"Geschichte Seit 1896, also schon \u00fcber 125 Jahre, wird hier an der Sch\u00f6nenbergstrasse 11 Brot und s\u00fcsse K\u00f6stlichkeiten gebacken. Anfangs durch die Familie Sch\u00e4rer, bei der auch der Sohn das Gesch\u00e4ft weiterf\u00fchrte bis 1927, wo die Familie Albert B\u00fchler die B\u00e4ckerei \u00fcbernahm. Er f\u00fchrte die traditionellen Nusseggen ein. In den 1960 Jahren \u00fcbernahm der Sohn &hellip; Read more &quot;\u00dcber uns&quot;\" \/>\n<meta property=\"og:url\" content=\"https:\/\/www.baeckerei-gantner.ch\/cms\/ueber-uns\/\" \/>\n<meta property=\"og:site_name\" content=\"B\u00e4ckerei Gantner\" \/>\n<meta property=\"article:modified_time\" content=\"2023-10-16T11:44:31+00:00\" \/>\n<meta property=\"og:image\" content=\"http:\/\/www.baeckerei-gantner.ch\/cms\/wp-content\/uploads\/2023\/05\/kirche-waedenswil-e1540218437454-1000x1300-2-788x1024.jpg\" \/>\n<meta name=\"twitter:card\" content=\"summary_large_image\" \/>\n<meta name=\"twitter:label1\" content=\"Gesch\u00e4tzte Lesezeit\" \/>\n\t<meta name=\"twitter:data1\" content=\"2\u00a0Minuten\" \/>\n<script type=\"application\/ld+json\" class=\"yoast-schema-graph\">{\"@context\":\"https:\/\/schema.org\",\"@graph\":[{\"@type\":\"WebPage\",\"@id\":\"https:\/\/www.baeckerei-gantner.ch\/cms\/ueber-uns\/\",\"url\":\"https:\/\/www.baeckerei-gantner.ch\/cms\/ueber-uns\/\",\"name\":\"\u00dcber uns - B\u00e4ckerei Gantner\",\"isPartOf\":{\"@id\":\"https:\/\/www.baeckerei-gantner.ch\/cms\/#website\"},\"primaryImageOfPage\":{\"@id\":\"https:\/\/www.baeckerei-gantner.ch\/cms\/ueber-uns\/#primaryimage\"},\"image\":{\"@id\":\"https:\/\/www.baeckerei-gantner.ch\/cms\/ueber-uns\/#primaryimage\"},\"thumbnailUrl\":\"http:\/\/www.baeckerei-gantner.ch\/cms\/wp-content\/uploads\/2023\/05\/kirche-waedenswil-e1540218437454-1000x1300-2-788x1024.jpg\",\"datePublished\":\"2023-10-03T11:39:30+00:00\",\"dateModified\":\"2023-10-16T11:44:31+00:00\",\"breadcrumb\":{\"@id\":\"https:\/\/www.baeckerei-gantner.ch\/cms\/ueber-uns\/#breadcrumb\"},\"inLanguage\":\"de-CH\",\"potentialAction\":[{\"@type\":\"ReadAction\",\"target\":[\"https:\/\/www.baeckerei-gantner.ch\/cms\/ueber-uns\/\"]}]},{\"@type\":\"ImageObject\",\"inLanguage\":\"de-CH\",\"@id\":\"https:\/\/www.baeckerei-gantner.ch\/cms\/ueber-uns\/#primaryimage\",\"url\":\"https:\/\/www.baeckerei-gantner.ch\/cms\/wp-content\/uploads\/2023\/05\/kirche-waedenswil-e1540218437454-1000x1300-2.jpg\",\"contentUrl\":\"https:\/\/www.baeckerei-gantner.ch\/cms\/wp-content\/uploads\/2023\/05\/kirche-waedenswil-e1540218437454-1000x1300-2.jpg\",\"width\":1000,\"height\":1300,\"caption\":\"Kirche aus Schokolade\"},{\"@type\":\"BreadcrumbList\",\"@id\":\"https:\/\/www.baeckerei-gantner.ch\/cms\/ueber-uns\/#breadcrumb\",\"itemListElement\":[{\"@type\":\"ListItem\",\"position\":1,\"name\":\"Startseite\",\"item\":\"https:\/\/www.baeckerei-gantner.ch\/cms\/\"},{\"@type\":\"ListItem\",\"position\":2,\"name\":\"\u00dcber uns\"}]},{\"@type\":\"WebSite\",\"@id\":\"https:\/\/www.baeckerei-gantner.ch\/cms\/#website\",\"url\":\"https:\/\/www.baeckerei-gantner.ch\/cms\/\",\"name\":\"B\u00e4ckerei Gantner\",\"description\":\"Der beste Beck am linken Seeufer\",\"potentialAction\":[{\"@type\":\"SearchAction\",\"target\":{\"@type\":\"EntryPoint\",\"urlTemplate\":\"https:\/\/www.baeckerei-gantner.ch\/cms\/?s={search_term_string}\"},\"query-input\":{\"@type\":\"PropertyValueSpecification\",\"valueRequired\":true,\"valueName\":\"search_term_string\"}}],\"inLanguage\":\"de-CH\"}]}<\/script>\n<!-- \/ Yoast SEO plugin. -->","yoast_head_json":{"title":"\u00dcber uns - B\u00e4ckerei Gantner","robots":{"index":"index","follow":"follow","max-snippet":"max-snippet:-1","max-image-preview":"max-image-preview:large","max-video-preview":"max-video-preview:-1"},"canonical":"https:\/\/www.baeckerei-gantner.ch\/cms\/ueber-uns\/","og_locale":"de_DE","og_type":"article","og_title":"\u00dcber uns - B\u00e4ckerei Gantner","og_description":"Geschichte Seit 1896, also schon \u00fcber 125 Jahre, wird hier an der Sch\u00f6nenbergstrasse 11 Brot und s\u00fcsse K\u00f6stlichkeiten gebacken. Anfangs durch die Familie Sch\u00e4rer, bei der auch der Sohn das Gesch\u00e4ft weiterf\u00fchrte bis 1927, wo die Familie Albert B\u00fchler die B\u00e4ckerei \u00fcbernahm. Er f\u00fchrte die traditionellen Nusseggen ein. In den 1960 Jahren \u00fcbernahm der Sohn &hellip; Read more \"\u00dcber uns\"","og_url":"https:\/\/www.baeckerei-gantner.ch\/cms\/ueber-uns\/","og_site_name":"B\u00e4ckerei Gantner","article_modified_time":"2023-10-16T11:44:31+00:00","og_image":[{"url":"http:\/\/www.baeckerei-gantner.ch\/cms\/wp-content\/uploads\/2023\/05\/kirche-waedenswil-e1540218437454-1000x1300-2-788x1024.jpg","type":"","width":"","height":""}],"twitter_card":"summary_large_image","twitter_misc":{"Gesch\u00e4tzte Lesezeit":"2\u00a0Minuten"},"schema":{"@context":"https:\/\/schema.org","@graph":[{"@type":"WebPage","@id":"https:\/\/www.baeckerei-gantner.ch\/cms\/ueber-uns\/","url":"https:\/\/www.baeckerei-gantner.ch\/cms\/ueber-uns\/","name":"\u00dcber uns - B\u00e4ckerei Gantner","isPartOf":{"@id":"https:\/\/www.baeckerei-gantner.ch\/cms\/#website"},"primaryImageOfPage":{"@id":"https:\/\/www.baeckerei-gantner.ch\/cms\/ueber-uns\/#primaryimage"},"image":{"@id":"https:\/\/www.baeckerei-gantner.ch\/cms\/ueber-uns\/#primaryimage"},"thumbnailUrl":"http:\/\/www.baeckerei-gantner.ch\/cms\/wp-content\/uploads\/2023\/05\/kirche-waedenswil-e1540218437454-1000x1300-2-788x1024.jpg","datePublished":"2023-10-03T11:39:30+00:00","dateModified":"2023-10-16T11:44:31+00:00","breadcrumb":{"@id":"https:\/\/www.baeckerei-gantner.ch\/cms\/ueber-uns\/#breadcrumb"},"inLanguage":"de-CH","potentialAction":[{"@type":"ReadAction","target":["https:\/\/www.baeckerei-gantner.ch\/cms\/ueber-uns\/"]}]},{"@type":"ImageObject","inLanguage":"de-CH","@id":"https:\/\/www.baeckerei-gantner.ch\/cms\/ueber-uns\/#primaryimage","url":"https:\/\/www.baeckerei-gantner.ch\/cms\/wp-content\/uploads\/2023\/05\/kirche-waedenswil-e1540218437454-1000x1300-2.jpg","contentUrl":"https:\/\/www.baeckerei-gantner.ch\/cms\/wp-content\/uploads\/2023\/05\/kirche-waedenswil-e1540218437454-1000x1300-2.jpg","width":1000,"height":1300,"caption":"Kirche aus Schokolade"},{"@type":"BreadcrumbList","@id":"https:\/\/www.baeckerei-gantner.ch\/cms\/ueber-uns\/#breadcrumb","itemListElement":[{"@type":"ListItem","position":1,"name":"Startseite","item":"https:\/\/www.baeckerei-gantner.ch\/cms\/"},{"@type":"ListItem","position":2,"name":"\u00dcber uns"}]},{"@type":"WebSite","@id":"https:\/\/www.baeckerei-gantner.ch\/cms\/#website","url":"https:\/\/www.baeckerei-gantner.ch\/cms\/","name":"B\u00e4ckerei Gantner","description":"Der beste Beck am linken Seeufer","potentialAction":[{"@type":"SearchAction","target":{"@type":"EntryPoint","urlTemplate":"https:\/\/www.baeckerei-gantner.ch\/cms\/?s={search_term_string}"},"query-input":{"@type":"PropertyValueSpecification","valueRequired":true,"valueName":"search_term_string"}}],"inLanguage":"de-CH"}]}},"_links":{"self":[{"href":"https:\/\/www.baeckerei-gantner.ch\/cms\/wp-json\/wp\/v2\/pages\/797","targetHints":{"allow":["GET"]}}],"collection":[{"href":"https:\/\/www.baeckerei-gantner.ch\/cms\/wp-json\/wp\/v2\/pages"}],"about":[{"href":"https:\/\/www.baeckerei-gantner.ch\/cms\/wp-json\/wp\/v2\/types\/page"}],"author":[{"embeddable":true,"href":"https:\/\/www.baeckerei-gantner.ch\/cms\/wp-json\/wp\/v2\/users\/1"}],"replies":[{"embeddable":true,"href":"https:\/\/www.baeckerei-gantner.ch\/cms\/wp-json\/wp\/v2\/comments?post=797"}],"version-history":[{"count":5,"href":"https:\/\/www.baeckerei-gantner.ch\/cms\/wp-json\/wp\/v2\/pages\/797\/revisions"}],"predecessor-version":[{"id":1808,"href":"https:\/\/www.baeckerei-gantner.ch\/cms\/wp-json\/wp\/v2\/pages\/797\/revisions\/1808"}],"wp:attachment":[{"href":"https:\/\/www.baeckerei-gantner.ch\/cms\/wp-json\/wp\/v2\/media?parent=797"}],"curies":[{"name":"wp","href":"https:\/\/api.w.org\/{rel}","templated":true}]}}